{"id":1166,"date":"2024-10-09T12:11:53","date_gmt":"2024-10-09T10:11:53","guid":{"rendered":"http:\/\/dzikus.com.pl\/?post_type=product&#038;p=1166"},"modified":"2024-10-09T12:11:53","modified_gmt":"2024-10-09T10:11:53","slug":"odyniec-dzik-znaczek-mysliwski","status":"publish","type":"product","link":"https:\/\/dzikus.com.pl\/?product=odyniec-dzik-znaczek-mysliwski","title":{"rendered":"Odyniec dzik znaczek my\u015bliwski"},"content":{"rendered":"<h2 style=\"text-align: center;\">Odyniec dzik znaczek my\u015bliwski<\/h2>\n<p>&nbsp;<\/p>\n<p style=\"text-align: center;\">Przypinka dzik na metalow\u0105 szpilk\u0119 kolor stary mosi\u0105dz wymiary 22 x 31 mm<\/p>\n","protected":false},"excerpt":{"rendered":"<p>Odyniec dzik znaczek my\u015bliwski &nbsp; Przypinka dzik na metalow\u0105 szpilk\u0119 [&hellip;]<\/p>\n","protected":false},"featured_media":1167,"template":"","meta":{"_acf_changed":false},"product_cat":[16,41],"product_tag":[],"class_list":{"0":"post-1166","1":"product","2":"type-product","3":"status-publish","4":"has-post-thumbnail","6":"product_cat-odziez","7":"product_cat-czapki-i-kapelusze","9":"first","10":"instock","11":"taxable","12":"shipping-taxable","13":"purchasable","14":"product-type-simple"},"acf":[],"jetpack_sharing_enabled":true,"_links":{"self":[{"href":"https:\/\/dzikus.com.pl\/index.php?rest_route=\/wp\/v2\/product\/1166","targetHints":{"allow":["GET"]}}],"collection":[{"href":"https:\/\/dzikus.com.pl\/index.php?rest_route=\/wp\/v2\/product"}],"about":[{"href":"https:\/\/dzikus.com.pl\/index.php?rest_route=\/wp\/v2\/types\/product"}],"wp:featuredmedia":[{"embeddable":true,"href":"https:\/\/dzikus.com.pl\/index.php?rest_route=\/wp\/v2\/media\/1167"}],"wp:attachment":[{"href":"https:\/\/dzikus.com.pl\/index.php?rest_route=%2Fwp%2Fv2%2Fmedia&parent=1166"}],"wp:term":[{"taxonomy":"product_cat","embeddable":true,"href":"https:\/\/dzikus.com.pl\/index.php?rest_route=%2Fwp%2Fv2%2Fproduct_cat&post=1166"},{"taxonomy":"product_tag","embeddable":true,"href":"https:\/\/dzikus.com.pl\/index.php?rest_route=%2Fwp%2Fv2%2Fproduct_tag&post=1166"}],"curies":[{"name":"wp","href":"https:\/\/api.w.org\/{rel}","templated":true}]}}