{"id":1153,"date":"2024-09-10T18:03:57","date_gmt":"2024-09-10T16:03:57","guid":{"rendered":"https:\/\/dzikus.com.pl\/?post_type=product&#038;p=1153"},"modified":"2024-09-10T18:03:57","modified_gmt":"2024-09-10T16:03:57","slug":"koszula-mysliwska-cotton-mill-mossy-oak-2","status":"publish","type":"product","link":"https:\/\/dzikus.com.pl\/?product=koszula-mysliwska-cotton-mill-mossy-oak-2","title":{"rendered":"Koszula my\u015bliwska Cotton Mill MOSSY OAK"},"content":{"rendered":"<h2 style=\"text-align: center;\">Koszula my\u015bliwska Cotton Mill MOSSY OAK<\/h2>\n<p>&nbsp;<\/p>\n<p>To koszula moro w tradycyjnym stylu o lekkim kroju.<\/p>\n<p>Wykonany z mieszanki bawe\u0142ny i spandexu, czyli materia\u0142u ,kt\u00f3ry\u00a0 oddycha i dobrze si\u0119 sprawdzi\u00a0 na ciep\u0142e dni, ale wystarczaj\u0105co solidny przy\u00a0 ch\u0142odniejszych temperaturach.<\/p>\n<p>&nbsp;<\/p>\n<p style=\"text-align: center;\"><strong>CHARAKTERYSTYKA:<\/strong><\/p>\n<ol>\n<li>Klasyczny prz\u00f3d i ko\u0142nierzyk zapinany na guziki<\/li>\n<li>Dwie du\u017ce standardowe kieszenie na piersi zapinane na guziki<\/li>\n<li>Szyte otwory wentylacyjne pod pachami zapewniaj\u0105 przewiewno\u015b\u0107<\/li>\n<li>Rozszerzaj\u0105ce si\u0119 kliny z ty\u0142u ramion<\/li>\n<li>Regulacja mankiet\u00f3w zapinana na guziki<\/li>\n<li>Koszula nie kr\u0119puje ruch\u00f3w zapewnia komfort noszenia i poruszania si\u0119<\/li>\n<\/ol>\n","protected":false},"excerpt":{"rendered":"<p>Koszula my\u015bliwska Cotton Mill MOSSY OAK &nbsp; To koszula moro [&hellip;]<\/p>\n","protected":false},"featured_media":0,"template":"","meta":{"_acf_changed":false},"product_cat":[16,18],"product_tag":[],"class_list":{"0":"post-1153","1":"product","2":"type-product","3":"status-publish","5":"product_cat-odziez","6":"product_cat-tschirt-koszula-mysliwsa","8":"first","9":"instock","10":"taxable","11":"shipping-taxable","12":"purchasable","13":"product-type-simple"},"acf":[],"jetpack_sharing_enabled":true,"_links":{"self":[{"href":"https:\/\/dzikus.com.pl\/index.php?rest_route=\/wp\/v2\/product\/1153","targetHints":{"allow":["GET"]}}],"collection":[{"href":"https:\/\/dzikus.com.pl\/index.php?rest_route=\/wp\/v2\/product"}],"about":[{"href":"https:\/\/dzikus.com.pl\/index.php?rest_route=\/wp\/v2\/types\/product"}],"wp:attachment":[{"href":"https:\/\/dzikus.com.pl\/index.php?rest_route=%2Fwp%2Fv2%2Fmedia&parent=1153"}],"wp:term":[{"taxonomy":"product_cat","embeddable":true,"href":"https:\/\/dzikus.com.pl\/index.php?rest_route=%2Fwp%2Fv2%2Fproduct_cat&post=1153"},{"taxonomy":"product_tag","embeddable":true,"href":"https:\/\/dzikus.com.pl\/index.php?rest_route=%2Fwp%2Fv2%2Fproduct_tag&post=1153"}],"curies":[{"name":"wp","href":"https:\/\/api.w.org\/{rel}","templated":true}]}}