{"id":1151,"date":"2024-09-10T17:46:14","date_gmt":"2024-09-10T15:46:14","guid":{"rendered":"https:\/\/dzikus.com.pl\/?post_type=product&#038;p=1151"},"modified":"2024-09-10T17:49:48","modified_gmt":"2024-09-10T15:49:48","slug":"koszula-mysliwska-cotton-mill-mossy-oak","status":"publish","type":"product","link":"https:\/\/dzikus.com.pl\/?product=koszula-mysliwska-cotton-mill-mossy-oak","title":{"rendered":"Koszula z zamszu bawe\u0142nianego M\u0142yna MOSSY OAK"},"content":{"rendered":"<h2 class=\"h2 product-single__title\" style=\"text-align: center;\">Koszula z zamszu bawe\u0142nianego M\u0141YNA MOSSY OAK<\/h2>\n<p>&nbsp;<\/p>\n<p>Koszula jest uszyta z zamszu bawe\u0142nianego .Idealnie zatrzymuje ciep\u0142o dlatego te\u017c dobrze si\u0119 sprawdzi przy minusowych temperaturach.<\/p>\n<p>Posiada dwie zapinane na guziki kieszenie na piersi, zapinan\u0105 na guziki prz\u00f3d i ko\u0142nierz oraz wstawki rozszerzaj\u0105ce ramiona z ty\u0142u, kt\u00f3re zapewniaj\u0105 dodatkowy komfort i niekr\u0119puj\u0105c\u0105 mobilno\u015b\u0107 w ka\u017cdej pozycji.<\/p>\n<p style=\"text-align: center;\"><strong>CHARAKTERYSTYKA:<\/strong><\/p>\n<ol>\n<li>Regulowane mankiety zapinane na guziki<\/li>\n<li>Szyte otwory wentylacyjne pod pachami zapewniaj\u0105 przewiewno\u015b\u0107<\/li>\n<li>Prz\u00f3d i ko\u0142nierzyk zapinany na guziki<\/li>\n<li>Dwie du\u017ce standardowe kieszenie na piersi zapinane na guziki<\/li>\n<li>100% bawe\u0142niany materia\u0142 zamszowy<\/li>\n<\/ol>\n","protected":false},"excerpt":{"rendered":"<p>Koszula z zamszu bawe\u0142nianego M\u0141YNA MOSSY OAK &nbsp; Koszula jest [&hellip;]<\/p>\n","protected":false},"featured_media":0,"template":"","meta":{"_acf_changed":false},"product_cat":[16,18],"product_tag":[],"class_list":{"0":"post-1151","1":"product","2":"type-product","3":"status-publish","5":"product_cat-odziez","6":"product_cat-tschirt-koszula-mysliwsa","8":"first","9":"instock","10":"taxable","11":"shipping-taxable","12":"purchasable","13":"product-type-simple"},"acf":[],"jetpack_sharing_enabled":true,"_links":{"self":[{"href":"https:\/\/dzikus.com.pl\/index.php?rest_route=\/wp\/v2\/product\/1151","targetHints":{"allow":["GET"]}}],"collection":[{"href":"https:\/\/dzikus.com.pl\/index.php?rest_route=\/wp\/v2\/product"}],"about":[{"href":"https:\/\/dzikus.com.pl\/index.php?rest_route=\/wp\/v2\/types\/product"}],"wp:attachment":[{"href":"https:\/\/dzikus.com.pl\/index.php?rest_route=%2Fwp%2Fv2%2Fmedia&parent=1151"}],"wp:term":[{"taxonomy":"product_cat","embeddable":true,"href":"https:\/\/dzikus.com.pl\/index.php?rest_route=%2Fwp%2Fv2%2Fproduct_cat&post=1151"},{"taxonomy":"product_tag","embeddable":true,"href":"https:\/\/dzikus.com.pl\/index.php?rest_route=%2Fwp%2Fv2%2Fproduct_tag&post=1151"}],"curies":[{"name":"wp","href":"https:\/\/api.w.org\/{rel}","templated":true}]}}