{"id":1150,"date":"2024-09-10T17:40:08","date_gmt":"2024-09-10T15:40:08","guid":{"rendered":"https:\/\/dzikus.com.pl\/?post_type=product&#038;p=1150"},"modified":"2024-09-10T17:40:08","modified_gmt":"2024-09-10T15:40:08","slug":"spodnie-z-zamszem-cotton-mill-mossy-oak","status":"publish","type":"product","link":"https:\/\/dzikus.com.pl\/?product=spodnie-z-zamszem-cotton-mill-mossy-oak","title":{"rendered":"Spodnie z zamszem Cotton Mill MOSSY OAK"},"content":{"rendered":"<h2 class=\"h2 product-single__title\" style=\"text-align: center;\">Spodnie z zamszem Cotton Mill MOSSY OAK<\/h2>\n<p>&nbsp;<\/p>\n<p>Spodnie my\u015bliwskie uszyte zosta\u0142y ze 100% bawe\u0142nianego zamszu.<\/p>\n<p>Idealnie zatrzymuj\u0105 ciep\u0142o dlatego te\u017c dobrze si\u0119 sprawdz\u0105 przy minusowych temperaturach.<\/p>\n<p>Spodnie posiadaj\u0105 kieszenie.<\/p>\n<p>&nbsp;<\/p>\n<p style=\"text-align: center;\"><strong>Charakterystyka:<\/strong><\/p>\n<ol>\n<li>Przegubowe szwy na kolanach u\u0142atwiaj\u0105 kl\u0119kanie i kucanie<\/li>\n<li>Prz\u00f3d zapinany na guziki, rozporek zapinany na zamek, cz\u0119\u015bciowo elastyczna talia ze szlufkami<\/li>\n<li>Sze\u015b\u0107 kieszeni: dwie zapinane na guziki, dwie kieszenie z przodu i dwie z ty\u0142u zapinane na guziki<\/li>\n<li>Haftowane logo na lewej tylnej klapie kieszeni<\/li>\n<li>Ta\u015bma rzepowa, regulowane paski w talii dla indywidualnego dopasowania<\/li>\n<\/ol>\n<p>&nbsp;<\/p>\n","protected":false},"excerpt":{"rendered":"<p>Spodnie z zamszem Cotton Mill MOSSY OAK &nbsp; Spodnie my\u015bliwskie [&hellip;]<\/p>\n","protected":false},"featured_media":0,"template":"","meta":{"_acf_changed":false},"product_cat":[16,38],"product_tag":[],"class_list":{"0":"post-1150","1":"product","2":"type-product","3":"status-publish","5":"product_cat-odziez","6":"product_cat-spodnie","8":"first","9":"instock","10":"taxable","11":"shipping-taxable","12":"purchasable","13":"product-type-simple"},"acf":[],"jetpack_sharing_enabled":true,"_links":{"self":[{"href":"https:\/\/dzikus.com.pl\/index.php?rest_route=\/wp\/v2\/product\/1150","targetHints":{"allow":["GET"]}}],"collection":[{"href":"https:\/\/dzikus.com.pl\/index.php?rest_route=\/wp\/v2\/product"}],"about":[{"href":"https:\/\/dzikus.com.pl\/index.php?rest_route=\/wp\/v2\/types\/product"}],"wp:attachment":[{"href":"https:\/\/dzikus.com.pl\/index.php?rest_route=%2Fwp%2Fv2%2Fmedia&parent=1150"}],"wp:term":[{"taxonomy":"product_cat","embeddable":true,"href":"https:\/\/dzikus.com.pl\/index.php?rest_route=%2Fwp%2Fv2%2Fproduct_cat&post=1150"},{"taxonomy":"product_tag","embeddable":true,"href":"https:\/\/dzikus.com.pl\/index.php?rest_route=%2Fwp%2Fv2%2Fproduct_tag&post=1150"}],"curies":[{"name":"wp","href":"https:\/\/api.w.org\/{rel}","templated":true}]}}