{"id":115,"date":"2024-04-26T19:48:53","date_gmt":"2024-04-26T17:48:53","guid":{"rendered":"http:\/\/dzikus.com.pl\/?post_type=product&#038;p=115"},"modified":"2024-04-26T20:02:51","modified_gmt":"2024-04-26T18:02:51","slug":"tlumik-50mm","status":"publish","type":"product","link":"https:\/\/dzikus.com.pl\/?product=tlumik-50mm","title":{"rendered":"T\u0142umik 50mm."},"content":{"rendered":"<p>T\u0142umik 50mm. D\u0142ugo\u015b\u0107 320mm.<br \/>\nPo zamontowaniu wystaje 160mm. ponad d\u0142ugo\u015b\u0107 lufy. Podana cena obejmuje t\u0142umik dodowolnego kalibru na geint 14&#215;1 lub 15&#215;1.<\/p>\n<p>Jest to profesjonalny t\u0142umik bardzo dobrej jako\u015bci wykonany z najlepszych materia\u0142\u00f3w,<br \/>\nBardzo \u0142atwy w czyszczeniu- aby rozkr\u0119ci\u0107 t\u0142umik wystarczy zwyk\u0142y klucz do szlifierki k\u0105towej.<br \/>\nPolski producent<\/p>\n","protected":false},"excerpt":{"rendered":"<p>T\u0142umik 50mm. D\u0142ugo\u015b\u0107 320mm. Po zamontowaniu wystaje 160mm. ponad d\u0142ugo\u015b\u0107 [&hellip;]<\/p>\n","protected":false},"featured_media":116,"template":"","meta":{"_acf_changed":false},"product_cat":[24],"product_tag":[32],"class_list":{"0":"post-115","1":"product","2":"type-product","3":"status-publish","4":"has-post-thumbnail","6":"product_cat-tlumiki","7":"product_tag-tlumik_do_sztucera","9":"first","10":"instock","11":"taxable","12":"shipping-taxable","13":"purchasable","14":"product-type-simple"},"acf":[],"jetpack_sharing_enabled":true,"_links":{"self":[{"href":"https:\/\/dzikus.com.pl\/index.php?rest_route=\/wp\/v2\/product\/115","targetHints":{"allow":["GET"]}}],"collection":[{"href":"https:\/\/dzikus.com.pl\/index.php?rest_route=\/wp\/v2\/product"}],"about":[{"href":"https:\/\/dzikus.com.pl\/index.php?rest_route=\/wp\/v2\/types\/product"}],"wp:featuredmedia":[{"embeddable":true,"href":"https:\/\/dzikus.com.pl\/index.php?rest_route=\/wp\/v2\/media\/116"}],"wp:attachment":[{"href":"https:\/\/dzikus.com.pl\/index.php?rest_route=%2Fwp%2Fv2%2Fmedia&parent=115"}],"wp:term":[{"taxonomy":"product_cat","embeddable":true,"href":"https:\/\/dzikus.com.pl\/index.php?rest_route=%2Fwp%2Fv2%2Fproduct_cat&post=115"},{"taxonomy":"product_tag","embeddable":true,"href":"https:\/\/dzikus.com.pl\/index.php?rest_route=%2Fwp%2Fv2%2Fproduct_tag&post=115"}],"curies":[{"name":"wp","href":"https:\/\/api.w.org\/{rel}","templated":true}]}}