{"id":1147,"date":"2024-09-10T17:00:07","date_gmt":"2024-09-10T15:00:07","guid":{"rendered":"https:\/\/dzikus.com.pl\/?post_type=product&#038;p=1147"},"modified":"2024-09-10T18:44:07","modified_gmt":"2024-09-10T16:44:07","slug":"wabik-na-kozla-buttolo","status":"publish","type":"product","link":"https:\/\/dzikus.com.pl\/?product=wabik-na-kozla-buttolo","title":{"rendered":"Wabik na koz\u0142a BUTTOLO"},"content":{"rendered":"<h2 class=\"product-title\" style=\"text-align: center;\" data-variant-property=\"name\">Wabik na koz\u0142a BUTTOLO<\/h2>\n<p>&nbsp;<\/p>\n<p>Ten wabik zagwarantuje 100% sukces w wabieniu koz\u0142a.<\/p>\n<p style=\"font-weight: 400;\">Gumowy, nie wymaga dmuchania. Wystarczy \u015bcisn\u0105\u0107 d\u0142oni\u0105 aby wydoby\u0107 d\u017awi\u0119k.<\/p>\n<p style=\"font-weight: 400;\">Wabik ma charakterystyczn\u0105 form\u0119 ba\u0144ki, kt\u00f3ra wydaje d\u017awi\u0119ki po odpowiednim naci\u015bni\u0119ciu.<\/p>\n<p>Wabik posiada regulacj\u0119 g\u0142o\u015bno\u015bci poprzez przytykanie otwor\u00f3w wylotowych oraz regulacj\u0119 wysoko\u015bci tonu poprzez zdj\u0119cie kapturka.<\/p>\n<p>Buttolo nie wymaga umiej\u0119tno\u015bci i do\u015bwiadczenia.<\/p>\n<p>&nbsp;<\/p>\n<p style=\"text-align: center;\"><strong>CHARAKTERYSTYKA:<\/strong><\/p>\n<ol>\n<li>Skuteczny i prosty w obs\u0142udze<\/li>\n<li>Idealny dla pocz\u0105tkuj\u0105cych jak i do\u015bwiadczonych my\u015bliwych<\/li>\n<li>Wabik doskonale na\u015bladuje pisk ko\u017alaka, przestrach kozy i ko\u017alaka<\/li>\n<li>Wykonany z gumy wysokiej jako\u015bci<\/li>\n<li>Modyfikacja wysoko\u015bci tonu przez zdj\u0119cie kapturka<\/li>\n<\/ol>\n","protected":false},"excerpt":{"rendered":"<p>Wabik na koz\u0142a BUTTOLO &nbsp; Ten wabik zagwarantuje 100% sukces [&hellip;]<\/p>\n","protected":false},"featured_media":1148,"template":"","meta":{"_acf_changed":false},"product_cat":[61],"product_tag":[],"class_list":{"0":"post-1147","1":"product","2":"type-product","3":"status-publish","4":"has-post-thumbnail","6":"product_cat-wabiki-i-pastoraly","8":"first","9":"instock","10":"taxable","11":"shipping-taxable","12":"purchasable","13":"product-type-simple"},"acf":[],"jetpack_sharing_enabled":true,"_links":{"self":[{"href":"https:\/\/dzikus.com.pl\/index.php?rest_route=\/wp\/v2\/product\/1147","targetHints":{"allow":["GET"]}}],"collection":[{"href":"https:\/\/dzikus.com.pl\/index.php?rest_route=\/wp\/v2\/product"}],"about":[{"href":"https:\/\/dzikus.com.pl\/index.php?rest_route=\/wp\/v2\/types\/product"}],"wp:featuredmedia":[{"embeddable":true,"href":"https:\/\/dzikus.com.pl\/index.php?rest_route=\/wp\/v2\/media\/1148"}],"wp:attachment":[{"href":"https:\/\/dzikus.com.pl\/index.php?rest_route=%2Fwp%2Fv2%2Fmedia&parent=1147"}],"wp:term":[{"taxonomy":"product_cat","embeddable":true,"href":"https:\/\/dzikus.com.pl\/index.php?rest_route=%2Fwp%2Fv2%2Fproduct_cat&post=1147"},{"taxonomy":"product_tag","embeddable":true,"href":"https:\/\/dzikus.com.pl\/index.php?rest_route=%2Fwp%2Fv2%2Fproduct_tag&post=1147"}],"curies":[{"name":"wp","href":"https:\/\/api.w.org\/{rel}","templated":true}]}}