{"id":1139,"date":"2024-09-09T14:49:05","date_gmt":"2024-09-09T12:49:05","guid":{"rendered":"https:\/\/dzikus.com.pl\/?post_type=product&#038;p=1139"},"modified":"2024-09-09T14:49:05","modified_gmt":"2024-09-09T12:49:05","slug":"wabik-kosmaty-kniazienie-zajaca","status":"publish","type":"product","link":"https:\/\/dzikus.com.pl\/?product=wabik-kosmaty-kniazienie-zajaca","title":{"rendered":"Wabik KOSMATY Kniazienie Zaj\u0105ca"},"content":{"rendered":"<h2 class=\"product_name__name m-0\" style=\"text-align: center;\">Wabik KOSMATY Kniazienie Zaj\u0105ca<\/h2>\n<p>&nbsp;<\/p>\n<p>Kniazienie zaj\u0105ca jest znanym i cenionym od dziesi\u0105tek lat odg\u0142osem wykorzystywanym przy konstruowaniu wabik\u00f3w na drapie\u017cniki. Wielu tradycjonalist\u00f3w nie wyobra\u017ca sobie wabienia lis\u00f3w za pomoc\u0105 innego d\u017awi\u0119ku.<\/p>\n<p>Niezaprzeczalnym atutem wabika jest jego odporna na przymarzanie membrana. Dzi\u0119ki zastosowaniu do jej produkcji tworzywa sztucznego, wabika z powodzeniem mo\u017cna u\u017cywa\u0107 nawet podczas silnego mrozu.<\/p>\n<p>&nbsp;<\/p>\n<p style=\"text-align: center;\"><strong>INSTRUKCJA:<\/strong><\/p>\n<ol>\n<li>Spos\u00f3b klasyczny, odgrywaj\u0105c: przestrach, walk\u0119 oraz konanie ofiary.<\/li>\n<li>Kombinacja sekwencji charakterystycznych dla wabik\u00f3w bazuj\u0105cych na odg\u0142osach jackrabbit czy cottontail.<\/li>\n<\/ol>\n<p>&nbsp;<\/p>\n","protected":false},"excerpt":{"rendered":"<p>Wabik KOSMATY Kniazienie Zaj\u0105ca &nbsp; Kniazienie zaj\u0105ca jest znanym i [&hellip;]<\/p>\n","protected":false},"featured_media":1142,"template":"","meta":{"_acf_changed":false},"product_cat":[61],"product_tag":[],"class_list":{"0":"post-1139","1":"product","2":"type-product","3":"status-publish","4":"has-post-thumbnail","6":"product_cat-wabiki-i-pastoraly","8":"first","9":"instock","10":"taxable","11":"shipping-taxable","12":"purchasable","13":"product-type-simple"},"acf":[],"jetpack_sharing_enabled":true,"_links":{"self":[{"href":"https:\/\/dzikus.com.pl\/index.php?rest_route=\/wp\/v2\/product\/1139","targetHints":{"allow":["GET"]}}],"collection":[{"href":"https:\/\/dzikus.com.pl\/index.php?rest_route=\/wp\/v2\/product"}],"about":[{"href":"https:\/\/dzikus.com.pl\/index.php?rest_route=\/wp\/v2\/types\/product"}],"wp:featuredmedia":[{"embeddable":true,"href":"https:\/\/dzikus.com.pl\/index.php?rest_route=\/wp\/v2\/media\/1142"}],"wp:attachment":[{"href":"https:\/\/dzikus.com.pl\/index.php?rest_route=%2Fwp%2Fv2%2Fmedia&parent=1139"}],"wp:term":[{"taxonomy":"product_cat","embeddable":true,"href":"https:\/\/dzikus.com.pl\/index.php?rest_route=%2Fwp%2Fv2%2Fproduct_cat&post=1139"},{"taxonomy":"product_tag","embeddable":true,"href":"https:\/\/dzikus.com.pl\/index.php?rest_route=%2Fwp%2Fv2%2Fproduct_tag&post=1139"}],"curies":[{"name":"wp","href":"https:\/\/api.w.org\/{rel}","templated":true}]}}