{"id":1136,"date":"2024-09-09T14:38:11","date_gmt":"2024-09-09T12:38:11","guid":{"rendered":"https:\/\/dzikus.com.pl\/?post_type=product&#038;p=1136"},"modified":"2024-09-12T09:43:59","modified_gmt":"2024-09-12T07:43:59","slug":"wabik-na-bazanta-pc01-gunbroker","status":"publish","type":"product","link":"https:\/\/dzikus.com.pl\/?product=wabik-na-bazanta-pc01-gunbroker","title":{"rendered":"Wabik na ba\u017canta PC01 Gunbroker"},"content":{"rendered":"<h2 class=\"name\" style=\"text-align: center;\">Wabik na ba\u017canta PC01 Gunbroker<\/h2>\n<p>&nbsp;<\/p>\n<p>Wabik Gunbroker PC 01 umo\u017cliwiaj\u0105cy zlokalizowanie i wyp\u0142oszenie ba\u017canta.<\/p>\n<p>Wykonany z lekkiego i wytrzyma\u0142ego polimeru. Wabik PC01\u00a0wydaje naturalny d\u017awi\u0119k\u00a0koguta-ba\u017canta,\u00a0a jego\u00a0obs\u0142uga jest prosta i \u0142atwa do opanowania.<\/p>\n<p>&nbsp;<\/p>\n<p style=\"text-align: center;\"><strong>INSTRUKCJA:<\/strong><\/p>\n<p>Dmuchaj intensywnie w wabik wydasz d\u017awi\u0119k \u2018kuk\u2019 lub \u2018tut\u2019. Stopniowo otw\u00f3rz d\u0142onie, aby cz\u0119\u015b\u0107 wydychanego powietrza mog\u0142a ucieka\u0107, powt\u00f3rz t\u0119 czynno\u015b\u0107 a\u017c uzyskasz \u017c\u0105dany d\u017awi\u0119k. Pojedynczy d\u017awi\u0119k \u2018kuk\u2019 co 15-20 minut zwabi ba\u017canta, zazwyczaj koguta.<\/p>\n<p>Aby zlokalizowa\u0107\u00a0ba\u017canta dwa d\u017awi\u0119ki \u2018kaakuk\u2019 powinny zadzia\u0142a\u0107.\u00a0Aby wyp\u0142oszy\u0107 ba\u017canta alarmowe 4-5 d\u017awi\u0119k\u00f3w \u2018kaakuk\u2019 zadzia\u0142a.<\/p>\n","protected":false},"excerpt":{"rendered":"<p>Wabik na ba\u017canta PC01 Gunbroker &nbsp; Wabik Gunbroker PC 01 [&hellip;]<\/p>\n","protected":false},"featured_media":1137,"template":"","meta":{"_acf_changed":false},"product_cat":[61],"product_tag":[],"class_list":{"0":"post-1136","1":"product","2":"type-product","3":"status-publish","4":"has-post-thumbnail","6":"product_cat-wabiki-i-pastoraly","8":"first","9":"instock","10":"taxable","11":"shipping-taxable","12":"purchasable","13":"product-type-simple"},"acf":[],"jetpack_sharing_enabled":true,"_links":{"self":[{"href":"https:\/\/dzikus.com.pl\/index.php?rest_route=\/wp\/v2\/product\/1136","targetHints":{"allow":["GET"]}}],"collection":[{"href":"https:\/\/dzikus.com.pl\/index.php?rest_route=\/wp\/v2\/product"}],"about":[{"href":"https:\/\/dzikus.com.pl\/index.php?rest_route=\/wp\/v2\/types\/product"}],"wp:featuredmedia":[{"embeddable":true,"href":"https:\/\/dzikus.com.pl\/index.php?rest_route=\/wp\/v2\/media\/1137"}],"wp:attachment":[{"href":"https:\/\/dzikus.com.pl\/index.php?rest_route=%2Fwp%2Fv2%2Fmedia&parent=1136"}],"wp:term":[{"taxonomy":"product_cat","embeddable":true,"href":"https:\/\/dzikus.com.pl\/index.php?rest_route=%2Fwp%2Fv2%2Fproduct_cat&post=1136"},{"taxonomy":"product_tag","embeddable":true,"href":"https:\/\/dzikus.com.pl\/index.php?rest_route=%2Fwp%2Fv2%2Fproduct_tag&post=1136"}],"curies":[{"name":"wp","href":"https:\/\/api.w.org\/{rel}","templated":true}]}}