{"id":1130,"date":"2024-09-09T14:32:57","date_gmt":"2024-09-09T12:32:57","guid":{"rendered":"https:\/\/dzikus.com.pl\/?post_type=product&#038;p=1130"},"modified":"2024-09-09T14:32:57","modified_gmt":"2024-09-09T12:32:57","slug":"wabik-kosmaty-summer-call","status":"publish","type":"product","link":"https:\/\/dzikus.com.pl\/?product=wabik-kosmaty-summer-call","title":{"rendered":"Wabik KOSMATY Summer Call"},"content":{"rendered":"<h2 style=\"text-align: center;\">Wabik KOSMATY Summer Call<\/h2>\n<p>&nbsp;<\/p>\n<p>KOSMATY Summer Call to wabik na lisa i rogacza pomy\u015blany w taki spos\u00f3b aby sprawdza\u0142 si\u0119 w\u00a0 wi\u0119kszo\u015bci \u0142owisk od wiosny do jesieni. Nie oznacza to jednak, \u017ce nie b\u0119dzie skuteczny zim\u0105&#8230;<\/p>\n<p>Wabik posiada dwa ustniki co pozwala uzyska\u0107 niespotykane w \u017cadnym innym instrumencie spektrum d\u017awi\u0119k\u00f3w.<\/p>\n<p>Wabik\u00a0KOSMATY Summer Call\u00a0wykonany jest technik\u0105 toczenia w poliamidzie. Poliamid w przeciwie\u0144stwie cho\u0107by do drewna gwarantuje pe\u0142n\u0105 powtarzalno\u015b\u0107 wabienia poniewa\u017c nie zmienia g\u0119sto\u015bci pod wp\u0142ywem wilgoci i temperatury. Dzi\u0119ki temu instrument si\u0119 nie wypacza i nie pojawiaj\u0105 si\u0119 w nim przedmuchy powietrza mi\u0119dzy stroikiem a \u015bciankami gniazda w kt\u00f3rym jest osadzony. Toczenie z kolei, zapewnia identyczn\u0105 g\u0119sto\u015b\u0107 \u015bcianek instrumentu na ca\u0142ym obwodzie. Wp\u0142ywa to na \u015bwietny rezonans, niemo\u017cliwy do uzyskania przy stosowaniu wtryskarek.<\/p>\n<p>&nbsp;<\/p>\n<p style=\"text-align: center;\"><strong>Sposoby Wabienia:<\/strong><\/p>\n<ol>\n<li>Dmuchaj\u0105c w ustnik o kolorze bia\u0142ym z \u0142atwo\u015bci\u0105 wydob\u0119dziemy d\u017awi\u0119k imituj\u0105cy mikot kozy. Jest to najskuteczniejszy odg\u0142os wabi\u0105cy rogacze. Nieco inaczej moduluj\u0105c ton wabika mo\u017cna wydoby\u0107 odg\u0142os popiskiwania bli\u017cej nieokre\u015blonego gryzonia. W ten spos\u00f3b wabi si\u0119 drapie\u017cniki.<\/li>\n<li>Dmuchanie w ustnik po drugiej stronie daje niesamowity, podw\u00f3jny (bo uzyskany dzi\u0119ki dw\u00f3m membranom) jazgot o wysokiej tonacji. Tego typu odg\u0142osy wydaj\u0105 m\u0142ode zaj\u0119czak\u00f3w. D\u017awi\u0119k ten elektryzuje drapie\u017cniki (w szczeg\u00f3lno\u015bci lisy) prowokuj\u0105c je do ataku nawet w okresie gdy pokarmu jest w br\u00f3d. Poza okresem zimowym trudno zwabi\u0107 lisa odg\u0142osem gryzonia. Jest ich wtedy pod dostatkiem i \u017caden drapie\u017cnik po us\u0142yszeniu &#8222;myszki&#8221; nie b\u0119dzie bieg\u0142 do niej kilkaset metr\u00f3w. Za to zazwyczaj ch\u0119tnie zareaguje na odg\u0142os agonii nieco wi\u0119kszej ofiary. Po m\u0142odego zaj\u0105ca czy kr\u00f3lika warto si\u0119 pofatygowa\u0107.<\/li>\n<\/ol>\n","protected":false},"excerpt":{"rendered":"<p>Wabik KOSMATY Summer Call &nbsp; KOSMATY Summer Call to wabik [&hellip;]<\/p>\n","protected":false},"featured_media":1131,"template":"","meta":{"_acf_changed":false},"product_cat":[61],"product_tag":[],"class_list":{"0":"post-1130","1":"product","2":"type-product","3":"status-publish","4":"has-post-thumbnail","6":"product_cat-wabiki-i-pastoraly","8":"first","9":"instock","10":"taxable","11":"shipping-taxable","12":"purchasable","13":"product-type-simple"},"acf":[],"jetpack_sharing_enabled":true,"_links":{"self":[{"href":"https:\/\/dzikus.com.pl\/index.php?rest_route=\/wp\/v2\/product\/1130","targetHints":{"allow":["GET"]}}],"collection":[{"href":"https:\/\/dzikus.com.pl\/index.php?rest_route=\/wp\/v2\/product"}],"about":[{"href":"https:\/\/dzikus.com.pl\/index.php?rest_route=\/wp\/v2\/types\/product"}],"wp:featuredmedia":[{"embeddable":true,"href":"https:\/\/dzikus.com.pl\/index.php?rest_route=\/wp\/v2\/media\/1131"}],"wp:attachment":[{"href":"https:\/\/dzikus.com.pl\/index.php?rest_route=%2Fwp%2Fv2%2Fmedia&parent=1130"}],"wp:term":[{"taxonomy":"product_cat","embeddable":true,"href":"https:\/\/dzikus.com.pl\/index.php?rest_route=%2Fwp%2Fv2%2Fproduct_cat&post=1130"},{"taxonomy":"product_tag","embeddable":true,"href":"https:\/\/dzikus.com.pl\/index.php?rest_route=%2Fwp%2Fv2%2Fproduct_tag&post=1130"}],"curies":[{"name":"wp","href":"https:\/\/api.w.org\/{rel}","templated":true}]}}