{"id":1126,"date":"2024-09-09T14:24:43","date_gmt":"2024-09-09T12:24:43","guid":{"rendered":"https:\/\/dzikus.com.pl\/?post_type=product&#038;p=1126"},"modified":"2024-09-09T14:24:44","modified_gmt":"2024-09-09T12:24:44","slug":"wabik-kosmaty-white-spook","status":"publish","type":"product","link":"https:\/\/dzikus.com.pl\/?product=wabik-kosmaty-white-spook","title":{"rendered":"Wabik KOSMATY White Spook"},"content":{"rendered":"<h2 class=\"product_name__name m-0\" style=\"text-align: center;\">Wabik KOSMATY White Spook<\/h2>\n<p>&nbsp;<\/p>\n<p><i>Spook<\/i> oznacza &#8222;zjaw\u0119&#8221; co jest idealnym okre\u015bleniem dla tego wabika. Wabiony jego d\u017awi\u0119kiem lis cz\u0119sto pojawia si\u0119 &#8222;znik\u0105d&#8221;, niczym duch. Wabik wydaje przenikliwy d\u017awi\u0119k o \u015bredniowysokim tonie, na kt\u00f3ry lisy reaguj\u0105 bezb\u0142\u0119dnie.<\/p>\n<p>Membrana wabika jest plastikowa co sprawia, \u017ce jest on rekomendowany szczeg\u00f3lnie do wabienia podczas du\u017cych mroz\u00f3w.<\/p>\n<p>Membrana nie zamarza od wdmuchiwanej pary wodnej.<\/p>\n<p>Wabik\u00a0KOSMATY White Spook\u00a0wykonany jest technik\u0105 toczenia w poliamidzie.<\/p>\n<p>Poliamid w przeciwie\u0144stwie cho\u0107by do drewna gwarantuje pe\u0142n\u0105 powtarzalno\u015b\u0107 wabienia poniewa\u017c nie zmienia g\u0119sto\u015bci pod wp\u0142ywem wilgoci i temperatury.<\/p>\n<p>Dzi\u0119ki temu instrument si\u0119 nie wypacza i nie pojawiaj\u0105 si\u0119 w nim przedmuchy powietrza mi\u0119dzy stroikiem a \u015bciankami gniazda w kt\u00f3rym jest osadzony.<\/p>\n<p>Toczenie z kolei, zapewnia identyczn\u0105 g\u0119sto\u015b\u0107 \u015bcianek instrumentu na ca\u0142ym obwodzie. Wp\u0142ywa to na \u015bwietny rezonans, niemo\u017cliwy do uzyskania przy stosowaniu wtryskarek.<\/p>\n","protected":false},"excerpt":{"rendered":"<p>Wabik KOSMATY White Spook &nbsp; Spook oznacza &#8222;zjaw\u0119&#8221; co jest [&hellip;]<\/p>\n","protected":false},"featured_media":1127,"template":"","meta":{"_acf_changed":false},"product_cat":[61],"product_tag":[],"class_list":{"0":"post-1126","1":"product","2":"type-product","3":"status-publish","4":"has-post-thumbnail","6":"product_cat-wabiki-i-pastoraly","8":"first","9":"instock","10":"taxable","11":"shipping-taxable","12":"purchasable","13":"product-type-simple"},"acf":[],"jetpack_sharing_enabled":true,"_links":{"self":[{"href":"https:\/\/dzikus.com.pl\/index.php?rest_route=\/wp\/v2\/product\/1126","targetHints":{"allow":["GET"]}}],"collection":[{"href":"https:\/\/dzikus.com.pl\/index.php?rest_route=\/wp\/v2\/product"}],"about":[{"href":"https:\/\/dzikus.com.pl\/index.php?rest_route=\/wp\/v2\/types\/product"}],"wp:featuredmedia":[{"embeddable":true,"href":"https:\/\/dzikus.com.pl\/index.php?rest_route=\/wp\/v2\/media\/1127"}],"wp:attachment":[{"href":"https:\/\/dzikus.com.pl\/index.php?rest_route=%2Fwp%2Fv2%2Fmedia&parent=1126"}],"wp:term":[{"taxonomy":"product_cat","embeddable":true,"href":"https:\/\/dzikus.com.pl\/index.php?rest_route=%2Fwp%2Fv2%2Fproduct_cat&post=1126"},{"taxonomy":"product_tag","embeddable":true,"href":"https:\/\/dzikus.com.pl\/index.php?rest_route=%2Fwp%2Fv2%2Fproduct_tag&post=1126"}],"curies":[{"name":"wp","href":"https:\/\/api.w.org\/{rel}","templated":true}]}}