{"id":1110,"date":"2024-09-09T13:42:41","date_gmt":"2024-09-09T11:42:41","guid":{"rendered":"https:\/\/dzikus.com.pl\/?post_type=product&#038;p=1110"},"modified":"2024-09-09T13:42:42","modified_gmt":"2024-09-09T11:42:42","slug":"wabik-kosmaty-reo-deer-pump","status":"publish","type":"product","link":"https:\/\/dzikus.com.pl\/?product=wabik-kosmaty-reo-deer-pump","title":{"rendered":"WABIK KOSMATY REO DEER PUMP"},"content":{"rendered":"<h2 class=\"product-title product_title entry-title\" style=\"text-align: center;\">WABIK KOSMATY REO DEER PUMP<\/h2>\n<p>&nbsp;<\/p>\n<p style=\"text-align: center;\">Wabik imituj\u0105cy mikot kozy.<\/p>\n<p style=\"text-align: center;\">\u00a0Bardzo \u0142atwy w obs\u0142udze za pomoc\u0105 gumowego mieszka.<\/p>\n<p style=\"text-align: center;\">Wabik nie posiada zaworka, kt\u00f3ry cz\u0119sto si\u0119 psuje.<\/p>\n<p style=\"text-align: center;\">Scalony bez u\u017cycia kleju, nie ma ryzyka, \u017ce co\u015b ulegnie rozklejeniu.<\/p>\n<p style=\"text-align: center;\">\u0141atwy w serwisowaniu.<\/p>\n","protected":false},"excerpt":{"rendered":"<p>WABIK KOSMATY REO DEER PUMP &nbsp; Wabik imituj\u0105cy mikot kozy. [&hellip;]<\/p>\n","protected":false},"featured_media":1111,"template":"","meta":{"_acf_changed":false},"product_cat":[61],"product_tag":[],"class_list":{"0":"post-1110","1":"product","2":"type-product","3":"status-publish","4":"has-post-thumbnail","6":"product_cat-wabiki-i-pastoraly","8":"first","9":"instock","10":"taxable","11":"shipping-taxable","12":"purchasable","13":"product-type-simple"},"acf":[],"jetpack_sharing_enabled":true,"_links":{"self":[{"href":"https:\/\/dzikus.com.pl\/index.php?rest_route=\/wp\/v2\/product\/1110","targetHints":{"allow":["GET"]}}],"collection":[{"href":"https:\/\/dzikus.com.pl\/index.php?rest_route=\/wp\/v2\/product"}],"about":[{"href":"https:\/\/dzikus.com.pl\/index.php?rest_route=\/wp\/v2\/types\/product"}],"wp:featuredmedia":[{"embeddable":true,"href":"https:\/\/dzikus.com.pl\/index.php?rest_route=\/wp\/v2\/media\/1111"}],"wp:attachment":[{"href":"https:\/\/dzikus.com.pl\/index.php?rest_route=%2Fwp%2Fv2%2Fmedia&parent=1110"}],"wp:term":[{"taxonomy":"product_cat","embeddable":true,"href":"https:\/\/dzikus.com.pl\/index.php?rest_route=%2Fwp%2Fv2%2Fproduct_cat&post=1110"},{"taxonomy":"product_tag","embeddable":true,"href":"https:\/\/dzikus.com.pl\/index.php?rest_route=%2Fwp%2Fv2%2Fproduct_tag&post=1110"}],"curies":[{"name":"wp","href":"https:\/\/api.w.org\/{rel}","templated":true}]}}