{"id":1103,"date":"2024-09-09T13:37:03","date_gmt":"2024-09-09T11:37:03","guid":{"rendered":"https:\/\/dzikus.com.pl\/?post_type=product&#038;p=1103"},"modified":"2024-09-09T13:37:04","modified_gmt":"2024-09-09T11:37:04","slug":"wabik-na-rogacze-kosmaty-roe-deer-call","status":"publish","type":"product","link":"https:\/\/dzikus.com.pl\/?product=wabik-na-rogacze-kosmaty-roe-deer-call","title":{"rendered":"Wabik na rogacze KOSMATY &#8211; Roe Deer Call"},"content":{"rendered":"<h2 style=\"text-align: center;\">Wabik na rogacze KOSMATY &#8211; Roe Deer Call<\/h2>\n<p>&nbsp;<\/p>\n<p>Roe Deer Call to dwustronny wabik na rogacze, specjalna budowa umo\u017cliwia wydobycie d\u017awi\u0119k\u00f3w imituj\u0105cych\u00a0mikot kozy i pisk ko\u017alaka.<\/p>\n<p>Mikot kozy\u00a0to odg\u0142osy, jakie wydobywaj\u0105 samice sarny w czasie rui aby zwabi\u0107 rogacze.<\/p>\n<p>Pisk ko\u017al\u0119cia\u00a0z kolei przywo\u0142uje kozy, za kt\u00f3rymi pod\u0105\u017caj\u0105 rogacze.<\/p>\n<p>D\u017awi\u0119k wabika absorbuje rogacze, dzi\u0119ki czemu staj\u0105 si\u0119 mniej wyczulone na otoczenie i tym samym \u0142atwiej jest oceni\u0107 zwierzyn\u0119 pod wzgl\u0119dem prawid\u0142owo\u015bci odstrza\u0142u.<\/p>\n<p>&nbsp;<\/p>\n<p style=\"text-align: center;\"><strong>Charakterystyka:<\/strong><\/p>\n<ol>\n<li>materia\u0142 to toczony poliamid<\/li>\n<li>\u017c\u0142obienie na sznureczek<\/li>\n<li>\u0142atwy w utrzymaniu czysto\u015bci<\/li>\n<li>kompaktowe wymiary<\/li>\n<li>wytrzyma\u0142o\u015b\u0107 i d\u0142ugo\u015b\u0107 u\u017cytkowania.<\/li>\n<\/ol>\n","protected":false},"excerpt":{"rendered":"<p>Wabik na rogacze KOSMATY &#8211; Roe Deer Call &nbsp; Roe [&hellip;]<\/p>\n","protected":false},"featured_media":1104,"template":"","meta":{"_acf_changed":false},"product_cat":[61],"product_tag":[],"class_list":{"0":"post-1103","1":"product","2":"type-product","3":"status-publish","4":"has-post-thumbnail","6":"product_cat-wabiki-i-pastoraly","8":"first","9":"instock","10":"taxable","11":"shipping-taxable","12":"purchasable","13":"product-type-simple"},"acf":[],"jetpack_sharing_enabled":true,"_links":{"self":[{"href":"https:\/\/dzikus.com.pl\/index.php?rest_route=\/wp\/v2\/product\/1103","targetHints":{"allow":["GET"]}}],"collection":[{"href":"https:\/\/dzikus.com.pl\/index.php?rest_route=\/wp\/v2\/product"}],"about":[{"href":"https:\/\/dzikus.com.pl\/index.php?rest_route=\/wp\/v2\/types\/product"}],"wp:featuredmedia":[{"embeddable":true,"href":"https:\/\/dzikus.com.pl\/index.php?rest_route=\/wp\/v2\/media\/1104"}],"wp:attachment":[{"href":"https:\/\/dzikus.com.pl\/index.php?rest_route=%2Fwp%2Fv2%2Fmedia&parent=1103"}],"wp:term":[{"taxonomy":"product_cat","embeddable":true,"href":"https:\/\/dzikus.com.pl\/index.php?rest_route=%2Fwp%2Fv2%2Fproduct_cat&post=1103"},{"taxonomy":"product_tag","embeddable":true,"href":"https:\/\/dzikus.com.pl\/index.php?rest_route=%2Fwp%2Fv2%2Fproduct_tag&post=1103"}],"curies":[{"name":"wp","href":"https:\/\/api.w.org\/{rel}","templated":true}]}}