{"id":1099,"date":"2024-09-09T13:08:27","date_gmt":"2024-09-09T11:08:27","guid":{"rendered":"https:\/\/dzikus.com.pl\/?post_type=product&#038;p=1099"},"modified":"2024-09-09T13:08:27","modified_gmt":"2024-09-09T11:08:27","slug":"sluchawki-aktywne-gunbroker-2951","status":"publish","type":"product","link":"https:\/\/dzikus.com.pl\/?product=sluchawki-aktywne-gunbroker-2951","title":{"rendered":"S\u0142uchawki aktywne GUNBROKER 2951"},"content":{"rendered":"<h2 class=\"mp4t_0 mryx_0 mj7a_4 mvrt_8 mp0t_ji m9qz_yo munh_0 mqu1_1j mgmw_wo mgn2_21 mgn2_25_s\" style=\"text-align: center;\"><strong>S\u0142uchawki aktywne GUNBROKER 2951<\/strong><\/h2>\n<p>&nbsp;<\/p>\n<p>S\u0142uchawki GUNBROKER ACTIVE to innowacyjne aktywne ochronniki s\u0142uchu, kt\u00f3re wprowadzaj\u0105 now\u0105 er\u0119 ochrony s\u0142uchu podczas intensywnych aktywno\u015bci.<\/p>\n<p>Dzi\u0119ki wbudowanemu aktywnemu systemowi wyg\u0142uszaj\u0105cemu, s\u0142uchawki GUNBROKER ACTIVE automatycznie identyfikuj\u0105 i blokuj\u0105 d\u017awi\u0119ki osi\u0105gaj\u0105ce poziom 82 dB i wy\u017cszy.<\/p>\n<p>S\u0142uchawki zosta\u0142y wyposa\u017cone w czu\u0142y mikrofon kierunkowy, kt\u00f3ry gwarantuje klarown\u0105 i precyzyjn\u0105 transmisj\u0119 d\u017awi\u0119ku.<\/p>\n<p>Sterowanie s\u0142uchawkami jest proste i intuicyjne.<\/p>\n<p>Nauszniki s\u0142uchawek zosta\u0142y starannie zaprojektowane, aby w ca\u0142o\u015bci zakrywa\u0107 uszy i zapewnia\u0107 kompleksow\u0105 ochron\u0119 przed nadmiernym ha\u0142asem.<\/p>\n<p>&nbsp;<\/p>\n<p style=\"text-align: center;\"><strong>CHARAKTERYSTYKA:<\/strong><\/p>\n<ol>\n<li>Doskona\u0142y balans mi\u0119dzy komunikacj\u0105 a ochron\u0105.<\/li>\n<li>Swobodne rozmowy i komunikacj\u0119 w g\u0142o\u015bnych \u015brodowiskach,<\/li>\n<li>Wyj\u0105tkowa jako\u015b\u0107 d\u017awi\u0119ku<\/li>\n<li>Innowacyjny system wyg\u0142uszania z wysok\u0105 jako\u015bci\u0105 d\u017awi\u0119ku i niezr\u00f3wnanym komfortem noszenia.<\/li>\n<li>Pi\u0119ciokrotne wzmocnienie d\u017awi\u0119k\u00f3w przez mikrofon<\/li>\n<li>Zasilanie: 2 x AAA (brak w zestawie)<\/li>\n<\/ol>\n<p>&nbsp;<\/p>\n","protected":false},"excerpt":{"rendered":"<p>S\u0142uchawki aktywne GUNBROKER 2951 &nbsp; S\u0142uchawki GUNBROKER ACTIVE to innowacyjne [&hellip;]<\/p>\n","protected":false},"featured_media":1100,"template":"","meta":{"_acf_changed":false},"product_cat":[62],"product_tag":[],"class_list":{"0":"post-1099","1":"product","2":"type-product","3":"status-publish","4":"has-post-thumbnail","6":"product_cat-konserwacja-broni-i-akcesoria","8":"first","9":"instock","10":"taxable","11":"shipping-taxable","12":"purchasable","13":"product-type-simple"},"acf":[],"jetpack_sharing_enabled":true,"_links":{"self":[{"href":"https:\/\/dzikus.com.pl\/index.php?rest_route=\/wp\/v2\/product\/1099","targetHints":{"allow":["GET"]}}],"collection":[{"href":"https:\/\/dzikus.com.pl\/index.php?rest_route=\/wp\/v2\/product"}],"about":[{"href":"https:\/\/dzikus.com.pl\/index.php?rest_route=\/wp\/v2\/types\/product"}],"wp:featuredmedia":[{"embeddable":true,"href":"https:\/\/dzikus.com.pl\/index.php?rest_route=\/wp\/v2\/media\/1100"}],"wp:attachment":[{"href":"https:\/\/dzikus.com.pl\/index.php?rest_route=%2Fwp%2Fv2%2Fmedia&parent=1099"}],"wp:term":[{"taxonomy":"product_cat","embeddable":true,"href":"https:\/\/dzikus.com.pl\/index.php?rest_route=%2Fwp%2Fv2%2Fproduct_cat&post=1099"},{"taxonomy":"product_tag","embeddable":true,"href":"https:\/\/dzikus.com.pl\/index.php?rest_route=%2Fwp%2Fv2%2Fproduct_tag&post=1099"}],"curies":[{"name":"wp","href":"https:\/\/api.w.org\/{rel}","templated":true}]}}