{"id":1083,"date":"2024-09-09T12:16:11","date_gmt":"2024-09-09T10:16:11","guid":{"rendered":"https:\/\/dzikus.com.pl\/?post_type=product&#038;p=1083"},"modified":"2024-09-09T12:16:11","modified_gmt":"2024-09-09T10:16:11","slug":"raki-na-buty-kolce-antyposlizgowe-elastyczne","status":"publish","type":"product","link":"https:\/\/dzikus.com.pl\/?product=raki-na-buty-kolce-antyposlizgowe-elastyczne","title":{"rendered":"Raki Na Buty Kolce Antypo\u015blizgowe Elastyczne"},"content":{"rendered":"<h2 style=\"text-align: center;\">Raki Na Buty Kolce Antypo\u015blizgowe Elastyczne<\/h2>\n<p>&nbsp;<\/p>\n<p>Antypo\u015blizgowe i elastyczne nak\u0142adki na buty z kolcami idealni sprawdz\u0105 si\u0119 na pisze w\u0119dr\u00f3wki po lasach oraz g\u00f3rach.<\/p>\n<p>Dzi\u0119ki zastosowaniu \u0142a\u0144cucha oraz 18 hak\u00f3w z hartowanej stali skutecznie chroni przed po\u015blizgni\u0119ciem si\u0119 i upadkiem.<\/p>\n<p style=\"text-align: center;\"><strong>CHARAKTERYSTYKA:\u00a0<\/strong><\/p>\n<ol>\n<li class=\"def\"><span class=\"def\">Zapewniaj\u0105 wysok\u0105 przyczepno\u015b\u0107 w trudnych warunkach terenowych, zmniejszaj\u0105 ryzyko upadku.<\/span><\/li>\n<li>Idealnie dopasowuj\u0105 si\u0119 do kszta\u0142tu buta. Doskonale przylegaj\u0105 i nie zsuwaj\u0105 si\u0119!<\/li>\n<li>Zapewniaj\u0105 wysok\u0105 przyczepno\u015b\u0107 w trudnych warunkach terenowych,<\/li>\n<li>S\u0105 uniwersalne nadaj\u0105 si\u0119 na rozmiar buta 39-46<\/li>\n<li>silikon o podwy\u017cszonej odporno\u015bci + stalowy \u0142a\u0144cuch i kolce<\/li>\n<li class=\"def\"><span class=\"def\">Elastyczny silikon kt\u00f3ry dobrze trzyma si\u0119 obuwia<\/span><\/li>\n<\/ol>\n<p>&nbsp;<\/p>\n<p>&nbsp;<\/p>\n<p>&nbsp;<\/p>\n","protected":false},"excerpt":{"rendered":"<p>Raki Na Buty Kolce Antypo\u015blizgowe Elastyczne &nbsp; Antypo\u015blizgowe i elastyczne [&hellip;]<\/p>\n","protected":false},"featured_media":1084,"template":"","meta":{"_acf_changed":false},"product_cat":[25],"product_tag":[],"class_list":{"0":"post-1083","1":"product","2":"type-product","3":"status-publish","4":"has-post-thumbnail","6":"product_cat-obuwie","8":"first","9":"instock","10":"taxable","11":"shipping-taxable","12":"purchasable","13":"product-type-simple"},"acf":[],"jetpack_sharing_enabled":true,"_links":{"self":[{"href":"https:\/\/dzikus.com.pl\/index.php?rest_route=\/wp\/v2\/product\/1083","targetHints":{"allow":["GET"]}}],"collection":[{"href":"https:\/\/dzikus.com.pl\/index.php?rest_route=\/wp\/v2\/product"}],"about":[{"href":"https:\/\/dzikus.com.pl\/index.php?rest_route=\/wp\/v2\/types\/product"}],"wp:featuredmedia":[{"embeddable":true,"href":"https:\/\/dzikus.com.pl\/index.php?rest_route=\/wp\/v2\/media\/1084"}],"wp:attachment":[{"href":"https:\/\/dzikus.com.pl\/index.php?rest_route=%2Fwp%2Fv2%2Fmedia&parent=1083"}],"wp:term":[{"taxonomy":"product_cat","embeddable":true,"href":"https:\/\/dzikus.com.pl\/index.php?rest_route=%2Fwp%2Fv2%2Fproduct_cat&post=1083"},{"taxonomy":"product_tag","embeddable":true,"href":"https:\/\/dzikus.com.pl\/index.php?rest_route=%2Fwp%2Fv2%2Fproduct_tag&post=1083"}],"curies":[{"name":"wp","href":"https:\/\/api.w.org\/{rel}","templated":true}]}}