{"id":1078,"date":"2024-09-09T11:48:14","date_gmt":"2024-09-09T09:48:14","guid":{"rendered":"https:\/\/dzikus.com.pl\/?post_type=product&#038;p=1078"},"modified":"2024-09-09T11:48:14","modified_gmt":"2024-09-09T09:48:14","slug":"primos-trigger-stick-gen-iii-33-65","status":"publish","type":"product","link":"https:\/\/dzikus.com.pl\/?product=primos-trigger-stick-gen-iii-33-65","title":{"rendered":"Primos Trigger Stick Gen III\u2122 33-65&#8221;"},"content":{"rendered":"<h2 class=\"h2\" style=\"text-align: center;\"><strong>Primos Trigger Stick Gen III\u2122 33-65&#8221;<\/strong><\/h2>\n<p>&nbsp;<\/p>\n<p class=\"h2\" style=\"text-align: left;\">Primos Trigger Stick Gen III\u2122 33-65&#8221; znacz\u0105co si\u0119 r\u00f3\u017cni od swojego poprzednika. Kszta\u0142t g\u0142owicy zosta\u0142 poprawiony dla wygody u\u017cytkownika.<\/p>\n<p>&nbsp;<\/p>\n<p>Primos Trigger Stick Gen III\u2122 33-65&#8221; wystarczy jedna r\u0119k\u0105 nacisn\u0105\u0107\u00a0 spust a n\u00f3\u017cka automatycznie dopasowuje si\u0119 do \u017c\u0105danej wysoko\u015bci oraz k\u0105ta nachylenia pod\u0142o\u017ca.<\/p>\n<p>Na pierwszy rzut oka mo\u017cna zauwa\u017cy\u0107, \u017ce\u00a0 Primos Trigger Stick Gen III\u2122 jest solidnie wykonany a zarazem bardzo lekki.<\/p>\n<p>Umo\u017cliwia szybkie i komfortowe ustabilizowanie broni przed oddaniem strza\u0142u z pozycji siedz\u0105cej, kl\u0119cz\u0105cej lub stoj\u0105cej.<\/p>\n<p>&nbsp;<\/p>\n<p style=\"text-align: center;\"><strong>CHARAKTERYSTYKA:<\/strong><\/p>\n<ol>\n<li>Obrotowa g\u0142owica 360 stopni<\/li>\n<li>Antypo\u015blizgowe wide\u0142ki w kszta\u0142cie V, na kt\u00f3rym k\u0142adziemy przedni\u0105 cz\u0119\u015b\u0107 \u0142o\u017ca.<\/li>\n<li>zdejmowana podstawka, dzi\u0119ki czemu statyw jest statywem uniwersalnym<\/li>\n<li>bezszelestna regulacja<\/li>\n<li>regulacja wysoko\u015bci od 33 do 65 cali<\/li>\n<li>blokada regulacji wysoko\u015bci (wystarczy zwolni\u0107 przycisk)<\/li>\n<li><\/li>\n<\/ol>\n<p>&nbsp;<\/p>\n","protected":false},"excerpt":{"rendered":"<p>Primos Trigger Stick Gen III\u2122 33-65&#8221; &nbsp; Primos Trigger Stick [&hellip;]<\/p>\n","protected":false},"featured_media":1079,"template":"","meta":{"_acf_changed":false},"product_cat":[61],"product_tag":[],"class_list":{"0":"post-1078","1":"product","2":"type-product","3":"status-publish","4":"has-post-thumbnail","6":"product_cat-wabiki-i-pastoraly","8":"first","9":"instock","10":"taxable","11":"shipping-taxable","12":"purchasable","13":"product-type-simple"},"acf":[],"jetpack_sharing_enabled":true,"_links":{"self":[{"href":"https:\/\/dzikus.com.pl\/index.php?rest_route=\/wp\/v2\/product\/1078","targetHints":{"allow":["GET"]}}],"collection":[{"href":"https:\/\/dzikus.com.pl\/index.php?rest_route=\/wp\/v2\/product"}],"about":[{"href":"https:\/\/dzikus.com.pl\/index.php?rest_route=\/wp\/v2\/types\/product"}],"wp:featuredmedia":[{"embeddable":true,"href":"https:\/\/dzikus.com.pl\/index.php?rest_route=\/wp\/v2\/media\/1079"}],"wp:attachment":[{"href":"https:\/\/dzikus.com.pl\/index.php?rest_route=%2Fwp%2Fv2%2Fmedia&parent=1078"}],"wp:term":[{"taxonomy":"product_cat","embeddable":true,"href":"https:\/\/dzikus.com.pl\/index.php?rest_route=%2Fwp%2Fv2%2Fproduct_cat&post=1078"},{"taxonomy":"product_tag","embeddable":true,"href":"https:\/\/dzikus.com.pl\/index.php?rest_route=%2Fwp%2Fv2%2Fproduct_tag&post=1078"}],"curies":[{"name":"wp","href":"https:\/\/api.w.org\/{rel}","templated":true}]}}