{"id":1076,"date":"2024-09-09T11:04:20","date_gmt":"2024-09-09T09:04:20","guid":{"rendered":"https:\/\/dzikus.com.pl\/?post_type=product&#038;p=1076"},"modified":"2024-09-09T11:04:21","modified_gmt":"2024-09-09T09:04:21","slug":"komplet-zimowy-bars-sucha-trzcina-wodoodporny-25c","status":"publish","type":"product","link":"https:\/\/dzikus.com.pl\/?product=komplet-zimowy-bars-sucha-trzcina-wodoodporny-25c","title":{"rendered":"Komplet zimowy BARS SUCHA TRZCINA Wodoodporny -25C"},"content":{"rendered":"<h2 style=\"text-align: center;\">Komplet zimowy BARS SUCHA TRZCINA Wodoodporny -25C<\/h2>\n<p>&nbsp;<\/p>\n<p>Komplet jest uszyty z materia\u0142u typu Membrana.<\/p>\n<p>Materia\u0142 ten posiada w\u0142a\u015bciwo\u015bci, \u017ce wilgo\u0107 przenika tylko w jedn\u0105 stron\u0119 i zawsze si\u0119 czuje sucho i ciep\u0142o.<\/p>\n<p>Komplet ten pos\u0142u\u017cy my\u015bliwym, gdy\u017c chroni przed mrozem a\u017c do -25 st.<\/p>\n<p>&nbsp;<\/p>\n<p style=\"text-align: center;\"><strong>Kurtka posiada:<\/strong><\/p>\n<ol>\n<li>wygodny i solidny podw\u00f3jny zamek b\u0142yskawiczny oraz os\u0142on\u0119 przeciwwiatrow\u0105,<\/li>\n<li>ko\u0142nierz ocieplony polarem przyjemnym w dotyku,<\/li>\n<li>dodatkowo ocieplenie polarem przyjemne na dotyk.<\/li>\n<li>\u00a06 kieszeni,<\/li>\n<li>chroni przed umiarkowanym deszczem i mokrym \u015bniegiem,<\/li>\n<li>gumk\u0119, kt\u00f3ra dociska kurtk\u0119 do cia\u0142a,<\/li>\n<\/ol>\n<p>&nbsp;<\/p>\n<p style=\"text-align: center;\"><strong>Spodnie posiadaj\u0105:<\/strong><\/p>\n<ol>\n<li>dodatkowe ocieplenie kr\u0119gos\u0142upa i brzucha,<\/li>\n<li>ocieplenie kieszenie przyjemne w dotyku.<\/li>\n<li>4 kieszenie,<\/li>\n<li>\u00a0regulowane szelki z gumk\u0105, zapinane na wygodne zatrzaski,<\/li>\n<li>gum\u0119 w pasie,<\/li>\n<\/ol>\n<p>&nbsp;<\/p>\n<p style=\"text-align: center;\"><strong>CHARAKTERYSTYKA:<\/strong><\/p>\n<ol>\n<li>odporny na wiatr i niskie temperatury,<\/li>\n<li>nieprzemakalny materia\u0142 przyjemny w dotyku,<\/li>\n<li>kaptur ocieplony polarem, regulowany z zamkiem b\u0142yskawicznym i mo\u017cliwo\u015bci\u0105 odpinania,<\/li>\n<li>wygodne spodnie ogrodniczki posiadaj\u0105ce gumk\u0119 i regulowane szelki,<\/li>\n<li>nie szele\u015bci i idealnie nadaj\u0105cy si\u0119 na zasiadki,<\/li>\n<li>bardzo ciep\u0142y,<\/li>\n<li>dodatkowe ocieplenie polarem ko\u0142nierza i plec\u00f3w<\/li>\n<li>10 kieszeni + markowa saszetka na telefon lub dokumenty.<\/li>\n<\/ol>\n<p>&nbsp;<\/p>\n<p style=\"text-align: center;\"><strong>Tabela wymiar\u00f3w:<\/strong><\/p>\n<p>44-46(M)\u00a0 pasuje na wzrost 158-164 cm wage 45-60 kg<\/p>\n<p>48-50(L)\u00a0 pasuje na wzrost 170-176 cm wage 60-70 kg<\/p>\n<p>52-54(XL)\u00a0 pasuje na wzrost 170-179 cm wage 70 &#8211; 90 kg<\/p>\n<p>56-58(XXL) pasuje na wzrost 170-182 cm wage\u00a0 90 &#8211; 110kg<\/p>\n<p>60-62(3XL) pasuje na wzrost 175-185 cm wage 110 &#8211; 120kg<\/p>\n<p>&nbsp;<\/p>\n<h2><strong>UWAGA:JEST TO ZANI\u017bONA ROZMIAR\u00d3WKA DLATEGO WARTO WZI\u0104\u015a\u0106 ROZMIAR WI\u0118KSZY NI\u017b NOSIMY!!!!!<\/strong><\/h2>\n","protected":false},"excerpt":{"rendered":"<p>Komplet zimowy BARS SUCHA TRZCINA Wodoodporny -25C &nbsp; Komplet jest [&hellip;]<\/p>\n","protected":false},"featured_media":0,"template":"","meta":{"_acf_changed":false},"product_cat":[16,92,42,38],"product_tag":[],"class_list":{"0":"post-1076","1":"product","2":"type-product","3":"status-publish","5":"product_cat-odziez","6":"product_cat-kurtki","7":"product_cat-komplet-mysliwski-zimowy","8":"product_cat-spodnie","10":"first","11":"instock","12":"taxable","13":"shipping-taxable","14":"purchasable","15":"product-type-simple"},"acf":[],"jetpack_sharing_enabled":true,"_links":{"self":[{"href":"https:\/\/dzikus.com.pl\/index.php?rest_route=\/wp\/v2\/product\/1076","targetHints":{"allow":["GET"]}}],"collection":[{"href":"https:\/\/dzikus.com.pl\/index.php?rest_route=\/wp\/v2\/product"}],"about":[{"href":"https:\/\/dzikus.com.pl\/index.php?rest_route=\/wp\/v2\/types\/product"}],"wp:attachment":[{"href":"https:\/\/dzikus.com.pl\/index.php?rest_route=%2Fwp%2Fv2%2Fmedia&parent=1076"}],"wp:term":[{"taxonomy":"product_cat","embeddable":true,"href":"https:\/\/dzikus.com.pl\/index.php?rest_route=%2Fwp%2Fv2%2Fproduct_cat&post=1076"},{"taxonomy":"product_tag","embeddable":true,"href":"https:\/\/dzikus.com.pl\/index.php?rest_route=%2Fwp%2Fv2%2Fproduct_tag&post=1076"}],"curies":[{"name":"wp","href":"https:\/\/api.w.org\/{rel}","templated":true}]}}