{"id":1054,"date":"2024-09-08T10:10:57","date_gmt":"2024-09-08T08:10:57","guid":{"rendered":"http:\/\/dzikus.com.pl\/?post_type=product&#038;p=1054"},"modified":"2024-09-08T10:13:46","modified_gmt":"2024-09-08T08:13:46","slug":"kukla-do-aportu","status":"publish","type":"product","link":"https:\/\/dzikus.com.pl\/?product=kukla-do-aportu","title":{"rendered":"Kuk\u0142a do aportu"},"content":{"rendered":"<p>P\u0142ywaj\u0105ca kuk\u0142a do szkolenia psa my\u015bliwskiego imituj\u0105ca kaczk\u0119 krzy\u017c\u00f3wk\u0119.<\/p>\n","protected":false},"excerpt":{"rendered":"<p>P\u0142ywaj\u0105ca kuk\u0142a do szkolenia psa my\u015bliwskiego imituj\u0105ca kaczk\u0119 krzy\u017c\u00f3wk\u0119.<\/p>\n","protected":false},"featured_media":1055,"template":"","meta":{"_acf_changed":false},"product_cat":[30],"product_tag":[103],"class_list":{"0":"post-1054","1":"product","2":"type-product","3":"status-publish","4":"has-post-thumbnail","6":"product_cat-dla_psa","7":"product_tag-szkolenie-psa","9":"first","10":"instock","11":"taxable","12":"shipping-taxable","13":"purchasable","14":"product-type-simple"},"acf":[],"jetpack_sharing_enabled":true,"_links":{"self":[{"href":"https:\/\/dzikus.com.pl\/index.php?rest_route=\/wp\/v2\/product\/1054","targetHints":{"allow":["GET"]}}],"collection":[{"href":"https:\/\/dzikus.com.pl\/index.php?rest_route=\/wp\/v2\/product"}],"about":[{"href":"https:\/\/dzikus.com.pl\/index.php?rest_route=\/wp\/v2\/types\/product"}],"wp:featuredmedia":[{"embeddable":true,"href":"https:\/\/dzikus.com.pl\/index.php?rest_route=\/wp\/v2\/media\/1055"}],"wp:attachment":[{"href":"https:\/\/dzikus.com.pl\/index.php?rest_route=%2Fwp%2Fv2%2Fmedia&parent=1054"}],"wp:term":[{"taxonomy":"product_cat","embeddable":true,"href":"https:\/\/dzikus.com.pl\/index.php?rest_route=%2Fwp%2Fv2%2Fproduct_cat&post=1054"},{"taxonomy":"product_tag","embeddable":true,"href":"https:\/\/dzikus.com.pl\/index.php?rest_route=%2Fwp%2Fv2%2Fproduct_tag&post=1054"}],"curies":[{"name":"wp","href":"https:\/\/api.w.org\/{rel}","templated":true}]}}