{"id":1041,"date":"2024-09-08T09:53:50","date_gmt":"2024-09-08T07:53:50","guid":{"rendered":"http:\/\/dzikus.com.pl\/?post_type=product&#038;p=1041"},"modified":"2024-09-08T09:53:50","modified_gmt":"2024-09-08T07:53:50","slug":"futeral-na-bron","status":"publish","type":"product","link":"https:\/\/dzikus.com.pl\/?product=futeral-na-bron","title":{"rendered":"Futera\u0142 na bro\u0144"},"content":{"rendered":"<p>Futera\u0142 na bro\u0144.<\/p>\n<p>W kamufla\u017cu, wype\u0142niony piank\u0105, dedykowany do broni z optyk\u0105.<\/p>\n<p>Futera\u0142 posiada cztery ma\u0142e kieszenie zapinane na rzep oraz jedn\u0105 du\u017c\u0105 zamykan\u0105 na zamek b\u0142yskawiczny.<\/p>\n","protected":false},"excerpt":{"rendered":"<p>Futera\u0142 na bro\u0144. W kamufla\u017cu, wype\u0142niony piank\u0105, dedykowany do broni [&hellip;]<\/p>\n","protected":false},"featured_media":1042,"template":"","meta":{"_acf_changed":false},"product_cat":[24],"product_tag":[100],"class_list":{"0":"post-1041","1":"product","2":"type-product","3":"status-publish","4":"has-post-thumbnail","6":"product_cat-tlumiki","7":"product_tag-futeral-na-bron","9":"first","10":"instock","11":"taxable","12":"shipping-taxable","13":"purchasable","14":"product-type-simple"},"acf":[],"jetpack_sharing_enabled":true,"_links":{"self":[{"href":"https:\/\/dzikus.com.pl\/index.php?rest_route=\/wp\/v2\/product\/1041","targetHints":{"allow":["GET"]}}],"collection":[{"href":"https:\/\/dzikus.com.pl\/index.php?rest_route=\/wp\/v2\/product"}],"about":[{"href":"https:\/\/dzikus.com.pl\/index.php?rest_route=\/wp\/v2\/types\/product"}],"wp:featuredmedia":[{"embeddable":true,"href":"https:\/\/dzikus.com.pl\/index.php?rest_route=\/wp\/v2\/media\/1042"}],"wp:attachment":[{"href":"https:\/\/dzikus.com.pl\/index.php?rest_route=%2Fwp%2Fv2%2Fmedia&parent=1041"}],"wp:term":[{"taxonomy":"product_cat","embeddable":true,"href":"https:\/\/dzikus.com.pl\/index.php?rest_route=%2Fwp%2Fv2%2Fproduct_cat&post=1041"},{"taxonomy":"product_tag","embeddable":true,"href":"https:\/\/dzikus.com.pl\/index.php?rest_route=%2Fwp%2Fv2%2Fproduct_tag&post=1041"}],"curies":[{"name":"wp","href":"https:\/\/api.w.org\/{rel}","templated":true}]}}