{"id":1021,"date":"2024-09-07T13:56:26","date_gmt":"2024-09-07T11:56:26","guid":{"rendered":"https:\/\/dzikus.com.pl\/?post_type=product&#038;p=1021"},"modified":"2024-09-07T14:15:01","modified_gmt":"2024-09-07T12:15:01","slug":"primos-trigger-stick-vital","status":"publish","type":"product","link":"https:\/\/dzikus.com.pl\/?product=primos-trigger-stick-vital","title":{"rendered":"Primos Trigger Stick Vital"},"content":{"rendered":"<h2 style=\"text-align: center;\"><strong>Primos Trigger Stick Vital<\/strong><\/h2>\n<p>&nbsp;<\/p>\n<p>Primos Trigger Stick Vital to niezawodny i praktyczny pastora\u0142.<\/p>\n<p>Model posiada sta\u0142\u0105 g\u0142owice z ergonomicznie wyprofilowanym chwytem pistoletowym co zdecydowanie u\u0142atwia u\u0142o\u017cenie r\u0119ki podtrzymuj\u0105cej d\u0142o\u0144.<\/p>\n<p>V-kszta\u0142tne, antypo\u015blizgowe i obrotowe wide\u0142ki pozwalaj\u0105 na stabilne i pewne podparcie broni.<\/p>\n<p>Po naci\u015bni\u0119ciu spustu ka\u017cda noga wysuwa si\u0119 automatycznie do momentu styku z gruntem, zwolnienie spustu blokuje j\u0105 na odpowiedniej wysoko\u015bci. Nogi mog\u0105 mie\u0107 r\u00f3\u017cn\u0105 wysoko\u015b\u0107 dzi\u0119ki czemu idealnie stoi pionowo i stabilnie b\u0119dzie podpiera\u0107 bro\u0144 w ka\u017cdych warunkach.<\/p>\n<p>Zapewnia idealny komfort obserwacji zwierzyny przed strza\u0142em a po jej rozpoznaniu mo\u017cliwo\u015b\u0107 pewnego, precyzyjnie wymierzonego strza\u0142u.<\/p>\n<p>&nbsp;<\/p>\n<p style=\"text-align: center;\"><strong>CHARAKTERYSTYKA:<\/strong><\/p>\n<ol>\n<li>cichy i p\u0142ynnie pracuj\u0105cy mechanizm;<\/li>\n<li>aluminiowe elementy sprawiaj\u0105, \u017ce pastora\u0142 jest lekki i wytrzyma\u0142y.<\/li>\n<li>V-kszta\u0142tne, antypo\u015blizgowe i obrotowe wide\u0142ki pozwalaj\u0105 na pewne podparcie broni;<\/li>\n<li>automatyczni rozstawiane nogi umo\u017cliwiaj\u0105 roz\u0142o\u017cenie tr\u00f3jnogu na niemal ka\u017cdym pod\u0142o\u017cu;<\/li>\n<li>Bardzo korzystny stosunek ceny do jako\u015bci;<\/li>\n<\/ol>\n<p>&nbsp;<\/p>\n","protected":false},"excerpt":{"rendered":"<p>Primos Trigger Stick Vital &nbsp; Primos Trigger Stick Vital to [&hellip;]<\/p>\n","protected":false},"featured_media":1023,"template":"","meta":{"_acf_changed":false},"product_cat":[61],"product_tag":[],"class_list":{"0":"post-1021","1":"product","2":"type-product","3":"status-publish","4":"has-post-thumbnail","6":"product_cat-wabiki-i-pastoraly","8":"first","9":"instock","10":"taxable","11":"shipping-taxable","12":"purchasable","13":"product-type-simple"},"acf":[],"jetpack_sharing_enabled":true,"_links":{"self":[{"href":"https:\/\/dzikus.com.pl\/index.php?rest_route=\/wp\/v2\/product\/1021","targetHints":{"allow":["GET"]}}],"collection":[{"href":"https:\/\/dzikus.com.pl\/index.php?rest_route=\/wp\/v2\/product"}],"about":[{"href":"https:\/\/dzikus.com.pl\/index.php?rest_route=\/wp\/v2\/types\/product"}],"wp:featuredmedia":[{"embeddable":true,"href":"https:\/\/dzikus.com.pl\/index.php?rest_route=\/wp\/v2\/media\/1023"}],"wp:attachment":[{"href":"https:\/\/dzikus.com.pl\/index.php?rest_route=%2Fwp%2Fv2%2Fmedia&parent=1021"}],"wp:term":[{"taxonomy":"product_cat","embeddable":true,"href":"https:\/\/dzikus.com.pl\/index.php?rest_route=%2Fwp%2Fv2%2Fproduct_cat&post=1021"},{"taxonomy":"product_tag","embeddable":true,"href":"https:\/\/dzikus.com.pl\/index.php?rest_route=%2Fwp%2Fv2%2Fproduct_tag&post=1021"}],"curies":[{"name":"wp","href":"https:\/\/api.w.org\/{rel}","templated":true}]}}