{"id":1013,"date":"2024-09-07T12:42:25","date_gmt":"2024-09-07T10:42:25","guid":{"rendered":"https:\/\/dzikus.com.pl\/?post_type=product&#038;p=1013"},"modified":"2024-09-07T12:42:25","modified_gmt":"2024-09-07T10:42:25","slug":"optic-target-plyn-do-czyszczenia-optyki-100-ml","status":"publish","type":"product","link":"https:\/\/dzikus.com.pl\/?product=optic-target-plyn-do-czyszczenia-optyki-100-ml","title":{"rendered":"OPTIC TARGET P\u0141YN DO CZYSZCZENIA OPTYKI 100 ml"},"content":{"rendered":"<h2 style=\"text-align: center;\">OPTIC TARGET P\u0141YN DO CZYSZCZENIA OPTYKI<\/h2>\n<h2 style=\"text-align: center;\">100 ml<\/h2>\n<p>&nbsp;<\/p>\n<p style=\"text-align: center;\"><strong>ANTYSTATYCZNY ZAPOBIEGAJ\u0104CY PAROWANIU SZKIE\u0141.<\/strong><\/p>\n<ol>\n<li>Oczy\u015bci\u0107 szk\u0142a mi\u0119kkim p\u0119dzelkiem z kurzu i wszelkich zanieczyszcze\u0144.<\/li>\n<li>Spryska\u0107 OPTIC bezpo\u015brednio na szk\u0142a .<\/li>\n<li>Wytrze\u0107 spryskane powierzchnie mi\u0119kk\u0105 niestrz\u0119pi\u0105c\u0105 szmatk\u0105.<\/li>\n<li>Powt\u00f3rzy\u0107 kroki 2,3\u00a0 dla najlepszego efektu.<\/li>\n<\/ol>\n<p>&nbsp;<\/p>\n<p>&nbsp;<\/p>\n","protected":false},"excerpt":{"rendered":"<p>OPTIC TARGET P\u0141YN DO CZYSZCZENIA OPTYKI 100 ml &nbsp; ANTYSTATYCZNY [&hellip;]<\/p>\n","protected":false},"featured_media":1014,"template":"","meta":{"_acf_changed":false},"product_cat":[22],"product_tag":[],"class_list":{"0":"post-1013","1":"product","2":"type-product","3":"status-publish","4":"has-post-thumbnail","6":"product_cat-optyka","8":"first","9":"instock","10":"taxable","11":"shipping-taxable","12":"purchasable","13":"product-type-simple"},"acf":[],"jetpack_sharing_enabled":true,"_links":{"self":[{"href":"https:\/\/dzikus.com.pl\/index.php?rest_route=\/wp\/v2\/product\/1013","targetHints":{"allow":["GET"]}}],"collection":[{"href":"https:\/\/dzikus.com.pl\/index.php?rest_route=\/wp\/v2\/product"}],"about":[{"href":"https:\/\/dzikus.com.pl\/index.php?rest_route=\/wp\/v2\/types\/product"}],"wp:featuredmedia":[{"embeddable":true,"href":"https:\/\/dzikus.com.pl\/index.php?rest_route=\/wp\/v2\/media\/1014"}],"wp:attachment":[{"href":"https:\/\/dzikus.com.pl\/index.php?rest_route=%2Fwp%2Fv2%2Fmedia&parent=1013"}],"wp:term":[{"taxonomy":"product_cat","embeddable":true,"href":"https:\/\/dzikus.com.pl\/index.php?rest_route=%2Fwp%2Fv2%2Fproduct_cat&post=1013"},{"taxonomy":"product_tag","embeddable":true,"href":"https:\/\/dzikus.com.pl\/index.php?rest_route=%2Fwp%2Fv2%2Fproduct_tag&post=1013"}],"curies":[{"name":"wp","href":"https:\/\/api.w.org\/{rel}","templated":true}]}}