{"id":2,"date":"2024-04-12T10:00:37","date_gmt":"2024-04-12T08:00:37","guid":{"rendered":"http:\/\/dzikus.com.pl\/?page_id=2"},"modified":"2024-05-02T13:36:33","modified_gmt":"2024-05-02T11:36:33","slug":"przykladowa-strona","status":"publish","type":"page","link":"https:\/\/dzikus.com.pl\/","title":{"rendered":"Strona G\u0142\u00f3wna"},"content":{"rendered":"<div class=\"fusion-fullwidth fullwidth-box fusion-builder-row-1 fusion-flex-container has-pattern-background has-mask-background nonhundred-percent-fullwidth non-hundred-percent-height-scrolling\" style=\"--awb-border-radius-top-left:0px;--awb-border-radius-top-right:0px;--awb-border-radius-bottom-right:0px;--awb-border-radius-bottom-left:0px;--awb-margin-top:-10px;--awb-flex-wrap:wrap;\" ><div class=\"fusion-builder-row fusion-row fusion-flex-align-items-flex-start fusion-flex-content-wrap\" style=\"max-width:1248px;margin-left: calc(-4% \/ 2 );margin-right: calc(-4% \/ 2 );\"><div class=\"fusion-layout-column fusion_builder_column fusion-builder-column-0 fusion_builder_column_1_1 1_1 fusion-flex-column\" style=\"--awb-padding-top:-10px;--awb-bg-blend:overlay;--awb-bg-size:cover;--awb-width-large:100%;--awb-margin-top-large:-10px;--awb-spacing-right-large:1.92%;--awb-margin-bottom-large:0px;--awb-spacing-left-large:1.92%;--awb-width-medium:100%;--awb-order-medium:0;--awb-spacing-right-medium:1.92%;--awb-spacing-left-medium:1.92%;--awb-width-small:100%;--awb-order-small:0;--awb-spacing-right-small:1.92%;--awb-spacing-left-small:1.92%;\" data-scroll-devices=\"small-visibility,medium-visibility,large-visibility\"><div class=\"fusion-column-wrapper fusion-column-has-shadow fusion-flex-justify-content-flex-start fusion-content-layout-column\"><div class=\"fusion-text fusion-text-1 fusion-animated\" data-animationType=\"fadeInDown\" data-animationDuration=\"1.0\" data-animationOffset=\"top-into-view\"><\/p>\n<p style=\"text-align: center;\">Witamy kole\u017canki i koleg\u00f3w na stronie <b>sklepu my\u015bliwskiego <\/b><span style=\"color: var(--awb-text-color); font-family: var(--awb-text-font-family); font-size: var(--awb-font-size); font-style: var(--awb-text-font-style); letter-spacing: var(--awb-letter-spacing); text-align: var(--awb-content-alignment); text-transform: var(--awb-text-transform); background-color: var(--awb-bg-color-hover);\"><b>&#8222;DZIKUS&#8221;<\/b>. <\/span><span style=\"color: var(--awb-text-color); font-family: var(--awb-text-font-family); font-size: var(--awb-font-size); font-style: var(--awb-text-font-style); letter-spacing: var(--awb-letter-spacing); text-align: var(--awb-content-alignment); text-transform: var(--awb-text-transform); background-color: var(--awb-bg-color-hover);\">Sklep nasz powsta\u0142 w oparciu o pasj\u0119 i do\u015bwiadczenia. <\/span><span style=\"color: var(--awb-text-color); font-family: var(--awb-text-font-family); font-size: var(--awb-font-size); font-style: var(--awb-text-font-style); letter-spacing: var(--awb-letter-spacing); text-align: var(--awb-content-alignment); text-transform: var(--awb-text-transform); background-color: var(--awb-bg-color-hover);\">Asortyment staramy dobra\u0107 si\u0119 tak aby ka\u017cdy znalaz\u0142 co\u015b dla siebie, zar\u00f3wno m\u0142ody my\u015bliwy rozpoczynaj\u0105cy swoj\u0105 przygod\u0119 \u0142owieck\u0105 jak i do\u015bwiadczony my\u015bliwy z wieloletnim sta\u017cem. <\/span><span style=\"text-align: var(--awb-content-alignment); background-color: var(--awb-bg-color-hover);\"><span style=\"font-family: var(--awb-text-font-family);\"><span style=\"color: var(--awb-text-color); font-style: var(--awb-text-font-style); letter-spacing: var(--awb-letter-spacing); text-transform: var(--awb-text-transform);\">Zapraszamy r\u00f3wnie\u017c na zakupy w naszym sklepie stacjonarnym kt\u00f3ry mie\u015bci <\/span><\/span>si\u0119<span style=\"font-family: var(--awb-text-font-family);\"><span style=\"color: var(--awb-text-color); font-style: var(--awb-text-font-style); letter-spacing: var(--awb-letter-spacing); text-transform: var(--awb-text-transform);\"> w <\/span><\/span><\/span><span style=\"text-align: var(--awb-content-alignment); background-color: var(--awb-bg-color-hover);\"><span style=\"font-family: var(--awb-text-font-family);\"><span style=\"color: var(--awb-text-color); font-style: var(--awb-text-font-style); letter-spacing: var(--awb-letter-spacing); text-transform: var(--awb-text-transform);\">Kielcach<\/span><\/span><span style=\"font-family: var(--awb-text-font-family);\"><span style=\"color: var(--awb-text-color); font-style: var(--awb-text-font-style); letter-spacing: var(--awb-letter-spacing); text-transform: var(--awb-text-transform);\">.<\/span><\/span><\/span><\/p>\n<p style=\"text-align: center;\"><span style=\"color: var(--awb-text-color); font-family: var(--awb-text-font-family); font-size: var(--awb-font-size); font-style: var(--awb-text-font-style); letter-spacing: var(--awb-letter-spacing); text-align: var(--awb-content-alignment); text-transform: var(--awb-text-transform); background-color: var(--awb-bg-color-hover);\">\u017byczy udanych zakup\u00f3w oraz sukces\u00f3w w \u0142owisku! &#8211; <\/span><span style=\"color: var(--awb-text-color); font-family: var(--awb-text-font-family); font-size: var(--awb-font-size); font-style: var(--awb-text-font-style); letter-spacing: var(--awb-letter-spacing); text-align: var(--awb-content-alignment); text-transform: var(--awb-text-transform); background-color: var(--awb-bg-color);\">Zesp\u00f3\u0142 sklepu &#8222;DZIKUS&#8221;<\/span><\/p>\n<p style=\"text-align: center;\">Darz B\u00f3r!<\/p><\/p>\n<\/div><div class=\"fusion-image-element \" style=\"--awb-liftup-border-radius:0px;--awb-caption-title-font-family:var(--h2_typography-font-family);--awb-caption-title-font-weight:var(--h2_typography-font-weight);--awb-caption-title-font-style:var(--h2_typography-font-style);--awb-caption-title-size:var(--h2_typography-font-size);--awb-caption-title-transform:var(--h2_typography-text-transform);--awb-caption-title-line-height:var(--h2_typography-line-height);--awb-caption-title-letter-spacing:var(--h2_typography-letter-spacing);\"><div class=\"awb-image-frame awb-image-frame-1 imageframe-liftup\"><span class=\" fusion-imageframe imageframe-none imageframe-1 fusion-animated\" data-animationType=\"fadeInDown\" data-animationDuration=\"1.0\" data-animationDelay=\"0.6\" data-animationOffset=\"top-into-view\"><img decoding=\"async\" width=\"1200\" height=\"367\" title=\"baner1\" src=\"http:\/\/dzikus.com.pl\/wp-content\/uploads\/2024\/04\/baner1.jpg\" alt class=\"img-responsive wp-image-64\" srcset=\"https:\/\/dzikus.com.pl\/wp-content\/uploads\/2024\/04\/baner1-200x61.jpg 200w, https:\/\/dzikus.com.pl\/wp-content\/uploads\/2024\/04\/baner1-400x122.jpg 400w, https:\/\/dzikus.com.pl\/wp-content\/uploads\/2024\/04\/baner1-600x184.jpg 600w, https:\/\/dzikus.com.pl\/wp-content\/uploads\/2024\/04\/baner1-800x245.jpg 800w, https:\/\/dzikus.com.pl\/wp-content\/uploads\/2024\/04\/baner1.jpg 1200w\" sizes=\"(max-width: 640px) 100vw, 1200px\" \/><\/span><\/div><\/div><div class=\"fusion-separator fusion-full-width-sep\" style=\"align-self: center;margin-left: auto;margin-right: auto;margin-top:10px;margin-bottom:10px;width:100%;\"><div class=\"fusion-separator-border sep-double\" style=\"--awb-height:20px;--awb-amount:20px;border-color:var(--awb-color3);border-top-width:1px;border-bottom-width:1px;\"><\/div><\/div><div class=\"fusion-title title fusion-title-1 fusion-sep-none fusion-title-text fusion-title-size-four fusion-animated\" data-animationType=\"fadeInDown\" data-animationDuration=\"0.8\" data-animationOffset=\"top-into-view\"><h4 class=\"fusion-title-heading title-heading-left\" style=\"margin:0;\">Nowo\u015bci<\/h4><\/div><div class=\"fusion-woo-product-slider fusion-woo-slider\"><div class=\"awb-carousel awb-swiper awb-swiper-carousel fusion-carousel-title-on-rollover\" data-autoplay=\"no\" data-columns=\"5\" data-itemmargin=\"13\" data-itemwidth=\"180\" data-touchscroll=\"no\" data-imagesize=\"fixed\"><div class=\"swiper-wrapper\"><div class=\"swiper-slide\"><div class=\"fusion-classic-product-image-wrapper\"><div class=\"fusion-carousel-item-wrapper\"><div  class=\"fusion-image-wrapper fusion-image-size-fixed\" aria-haspopup=\"true\">\n\t\t\t\t<div class=\"fusion-woo-badges-wrapper\">\n<\/div><img decoding=\"async\" width=\"177\" height=\"142\" src=\"https:\/\/dzikus.com.pl\/wp-content\/uploads\/2024\/10\/Komplet-zimowy-dzieciecy-TYBET-kurtka-spodnie-ogrodniczki-MEMBRANA_4903_1200-177x142.jpg\" class=\"attachment-portfolio-five size-portfolio-five wp-post-image\" alt=\"\" \/><div class=\"fusion-rollover\">\n\t<div class=\"fusion-rollover-content\">\n\n\t\t\t\t\n\t\t\n\t\t\t\t\t\t\t\t\t\t\t\t<h4 class=\"fusion-rollover-title\">\n\t\t\t\t\t<a class=\"fusion-rollover-title-link\" href=\"https:\/\/dzikus.com.pl\/?product=komplet-zimowy-dzieciecy-kurtka-spodnie-ogrodniczki-membrana\">\n\t\t\t\t\t\tKomplet zimowy dzieci\u0119cy kurtka + spodnie ogrodniczki MEMBRANA\t\t\t\t\t<\/a>\n\t\t\t\t<\/h4>\n\t\t\t\n\t\t\t\t\t\t\t\t\t\t<div class=\"fusion-rollover-categories\"><a href=\"https:\/\/dzikus.com.pl\/?product_cat=komplet-mysliwski-zimowy\" rel=\"tag\">Komplet my\u015bliwski zimowy<\/a>, <a href=\"https:\/\/dzikus.com.pl\/?product_cat=odziez\" rel=\"tag\">Odzie\u017c<\/a><\/div>\t\t\t\t\t\n\t\t\t\t\t\t\t\t<div class=\"cart-loading\">\n\t\t\t\t<a href=\"https:\/\/dzikus.com.pl\/?page_id=6\">\n\t\t\t\t\t<i class=\"awb-icon-spinner\" aria-hidden=\"true\"><\/i>\n\t\t\t\t\t<div class=\"view-cart\">Zobacz koszyk<\/div>\n\t\t\t\t<\/a>\n\t\t\t<\/div>\n\t\t\n\t\t\t\t\t\t\t\t\n\t\t\t\t\t\t\t\t\t\t\n\t<span class=\"price\"><span class=\"woocommerce-Price-amount amount\"><bdi>299,00&nbsp;<span class=\"woocommerce-Price-currencySymbol\">&#122;&#322;<\/span><\/bdi><\/span><\/span>\n\t\t\t\n\t\t\t\t\t\t\t\t\t\t<div class=\"fusion-product-buttons\">\n\t\t\t\t\t<a href=\"?add-to-cart=1286\"  data-quantity=\"1\" class=\"button product_type_simple add_to_cart_button ajax_add_to_cart\" data-product_id=\"1286\" data-product_sku=\"\" aria-label=\"Dodaj do koszyka: &bdquo;Komplet zimowy dzieci\u0119cy kurtka + spodnie ogrodniczki MEMBRANA&rdquo;\" rel=\"nofollow\" data-product_name=\"Komplet zimowy dzieci\u0119cy kurtka + spodnie ogrodniczki MEMBRANA\" data-price=\"299\">Dodaj do koszyka<\/a><span class=\"fusion-rollover-linebreak\">\n\t<\/span>\n\n<a href=\"https:\/\/dzikus.com.pl\/?product=komplet-zimowy-dzieciecy-kurtka-spodnie-ogrodniczki-membrana\" class=\"show_details_button\">\n\tSzczeg\u00f3\u0142y<\/a>\n\n\t\t\t\t<\/div>\n\t\t\t\t\t\t\t\t\t<a class=\"fusion-link-wrapper\" href=\"https:\/\/dzikus.com.pl\/?product=komplet-zimowy-dzieciecy-kurtka-spodnie-ogrodniczki-membrana\" aria-label=\"Komplet zimowy dzieci\u0119cy kurtka + spodnie ogrodniczki MEMBRANA\"><\/a>\n\t<\/div>\n<\/div>\n<\/div>\n<\/div><\/div><\/div><div class=\"swiper-slide\"><div class=\"fusion-classic-product-image-wrapper\"><div class=\"fusion-carousel-item-wrapper\"><div  class=\"fusion-image-wrapper fusion-image-size-fixed\" aria-haspopup=\"true\">\n\t\t\t\t<div class=\"fusion-woo-badges-wrapper\">\n<\/div><img decoding=\"async\" width=\"177\" height=\"142\" src=\"https:\/\/dzikus.com.pl\/wp-content\/uploads\/2024\/10\/Czapka-Uszatka-Mysliwska-Zimowa-Kamuflaz-LAS-SOSNOWY_4795_1200-177x142.jpg\" class=\"attachment-portfolio-five size-portfolio-five wp-post-image\" alt=\"\" \/><div class=\"fusion-rollover\">\n\t<div class=\"fusion-rollover-content\">\n\n\t\t\t\t\n\t\t\n\t\t\t\t\t\t\t\t\t\t\t\t<h4 class=\"fusion-rollover-title\">\n\t\t\t\t\t<a class=\"fusion-rollover-title-link\" href=\"https:\/\/dzikus.com.pl\/?product=czapka-uszatka-las-sosnowy-mysliwska-zimowa-kamuflaz\">\n\t\t\t\t\t\tCzapka Uszatka LAS SOSNOWY My\u015bliwska Zimowa Kamufla\u017c\t\t\t\t\t<\/a>\n\t\t\t\t<\/h4>\n\t\t\t\n\t\t\t\t\t\t\t\t\t\t<div class=\"fusion-rollover-categories\"><a href=\"https:\/\/dzikus.com.pl\/?product_cat=czapki-i-kapelusze\" rel=\"tag\">Czapki i Kapelusze<\/a>, <a href=\"https:\/\/dzikus.com.pl\/?product_cat=odziez\" rel=\"tag\">Odzie\u017c<\/a><\/div>\t\t\t\t\t\n\t\t\t\t\t\t\t\t<div class=\"cart-loading\">\n\t\t\t\t<a href=\"https:\/\/dzikus.com.pl\/?page_id=6\">\n\t\t\t\t\t<i class=\"awb-icon-spinner\" aria-hidden=\"true\"><\/i>\n\t\t\t\t\t<div class=\"view-cart\">Zobacz koszyk<\/div>\n\t\t\t\t<\/a>\n\t\t\t<\/div>\n\t\t\n\t\t\t\t\t\t\t\t\n\t\t\t\t\t\t\t\t\t\t\n\t<span class=\"price\"><span class=\"woocommerce-Price-amount amount\"><bdi>49,00&nbsp;<span class=\"woocommerce-Price-currencySymbol\">&#122;&#322;<\/span><\/bdi><\/span><\/span>\n\t\t\t\n\t\t\t\t\t\t\t\t\t\t<div class=\"fusion-product-buttons\">\n\t\t\t\t\t<a href=\"?add-to-cart=1281\"  data-quantity=\"1\" class=\"button product_type_simple add_to_cart_button ajax_add_to_cart\" data-product_id=\"1281\" data-product_sku=\"\" aria-label=\"Dodaj do koszyka: &bdquo;Czapka Uszatka LAS SOSNOWY My\u015bliwska Zimowa Kamufla\u017c&rdquo;\" rel=\"nofollow\" data-product_name=\"Czapka Uszatka LAS SOSNOWY My\u015bliwska Zimowa Kamufla\u017c\" data-price=\"49\">Dodaj do koszyka<\/a><span class=\"fusion-rollover-linebreak\">\n\t<\/span>\n\n<a href=\"https:\/\/dzikus.com.pl\/?product=czapka-uszatka-las-sosnowy-mysliwska-zimowa-kamuflaz\" class=\"show_details_button\">\n\tSzczeg\u00f3\u0142y<\/a>\n\n\t\t\t\t<\/div>\n\t\t\t\t\t\t\t\t\t<a class=\"fusion-link-wrapper\" href=\"https:\/\/dzikus.com.pl\/?product=czapka-uszatka-las-sosnowy-mysliwska-zimowa-kamuflaz\" aria-label=\"Czapka Uszatka LAS SOSNOWY My\u015bliwska Zimowa Kamufla\u017c\"><\/a>\n\t<\/div>\n<\/div>\n<\/div>\n<\/div><\/div><\/div><div class=\"swiper-slide\"><div class=\"fusion-classic-product-image-wrapper\"><div class=\"fusion-carousel-item-wrapper\"><div  class=\"fusion-image-wrapper fusion-image-size-fixed\" aria-haspopup=\"true\">\n\t\t\t\t<div class=\"fusion-woo-badges-wrapper\">\n<\/div><img decoding=\"async\" width=\"177\" height=\"142\" src=\"https:\/\/dzikus.com.pl\/wp-content\/uploads\/2024\/10\/Gluszec_G-1-1-177x142.webp\" class=\"attachment-portfolio-five size-portfolio-five wp-post-image\" alt=\"\" \/><div class=\"fusion-rollover\">\n\t<div class=\"fusion-rollover-content\">\n\n\t\t\t\t\n\t\t\n\t\t\t\t\t\t\t\t\t\t\t\t<h4 class=\"fusion-rollover-title\">\n\t\t\t\t\t<a class=\"fusion-rollover-title-link\" href=\"https:\/\/dzikus.com.pl\/?product=gluszec-znaczek-mysliwski-2\">\n\t\t\t\t\t\tG\u0142uszec znaczek my\u015bliwski\t\t\t\t\t<\/a>\n\t\t\t\t<\/h4>\n\t\t\t\n\t\t\t\t\t\t\t\t\t\t<div class=\"fusion-rollover-categories\"><a href=\"https:\/\/dzikus.com.pl\/?product_cat=czapki-i-kapelusze\" rel=\"tag\">Czapki i Kapelusze<\/a>, <a href=\"https:\/\/dzikus.com.pl\/?product_cat=odziez\" rel=\"tag\">Odzie\u017c<\/a><\/div>\t\t\t\t\t\n\t\t\t\t\t\t\t\t<div class=\"cart-loading\">\n\t\t\t\t<a href=\"https:\/\/dzikus.com.pl\/?page_id=6\">\n\t\t\t\t\t<i class=\"awb-icon-spinner\" aria-hidden=\"true\"><\/i>\n\t\t\t\t\t<div class=\"view-cart\">Zobacz koszyk<\/div>\n\t\t\t\t<\/a>\n\t\t\t<\/div>\n\t\t\n\t\t\t\t\t\t\t\t\n\t\t\t\t\t\t\t\t\t\t\n\t<span class=\"price\"><span class=\"woocommerce-Price-amount amount\"><bdi>18,00&nbsp;<span class=\"woocommerce-Price-currencySymbol\">&#122;&#322;<\/span><\/bdi><\/span><\/span>\n\t\t\t\n\t\t\t\t\t\t\t\t\t\t<div class=\"fusion-product-buttons\">\n\t\t\t\t\t<a href=\"?add-to-cart=1272\"  data-quantity=\"1\" class=\"button product_type_simple add_to_cart_button ajax_add_to_cart\" data-product_id=\"1272\" data-product_sku=\"\" aria-label=\"Dodaj do koszyka: &bdquo;G\u0142uszec znaczek my\u015bliwski&rdquo;\" rel=\"nofollow\" data-product_name=\"G\u0142uszec znaczek my\u015bliwski\" data-price=\"18\">Dodaj do koszyka<\/a><span class=\"fusion-rollover-linebreak\">\n\t<\/span>\n\n<a href=\"https:\/\/dzikus.com.pl\/?product=gluszec-znaczek-mysliwski-2\" class=\"show_details_button\">\n\tSzczeg\u00f3\u0142y<\/a>\n\n\t\t\t\t<\/div>\n\t\t\t\t\t\t\t\t\t<a class=\"fusion-link-wrapper\" href=\"https:\/\/dzikus.com.pl\/?product=gluszec-znaczek-mysliwski-2\" aria-label=\"G\u0142uszec znaczek my\u015bliwski\"><\/a>\n\t<\/div>\n<\/div>\n<\/div>\n<\/div><\/div><\/div><div class=\"swiper-slide\"><div class=\"fusion-classic-product-image-wrapper\"><div class=\"fusion-carousel-item-wrapper\"><div  class=\"fusion-image-wrapper fusion-image-size-fixed\" aria-haspopup=\"true\">\n\t\t\t\t<div class=\"fusion-woo-badges-wrapper\">\n<\/div><img decoding=\"async\" width=\"177\" height=\"142\" src=\"https:\/\/dzikus.com.pl\/wp-content\/uploads\/2024\/10\/ZNACZEK-MYSLIWSKI-KACZKI-STARY-MOSIADZ-PIN-7-177x142.webp\" class=\"attachment-portfolio-five size-portfolio-five wp-post-image\" alt=\"\" \/><div class=\"fusion-rollover\">\n\t<div class=\"fusion-rollover-content\">\n\n\t\t\t\t\n\t\t\n\t\t\t\t\t\t\t\t\t\t\t\t<h4 class=\"fusion-rollover-title\">\n\t\t\t\t\t<a class=\"fusion-rollover-title-link\" href=\"https:\/\/dzikus.com.pl\/?product=dzikie-kaczki-znaczek-mysliwski\">\n\t\t\t\t\t\tDzikie kaczki znaczek my\u015bliwski\t\t\t\t\t<\/a>\n\t\t\t\t<\/h4>\n\t\t\t\n\t\t\t\t\t\t\t\t\t\t<div class=\"fusion-rollover-categories\"><a href=\"https:\/\/dzikus.com.pl\/?product_cat=czapki-i-kapelusze\" rel=\"tag\">Czapki i Kapelusze<\/a>, <a href=\"https:\/\/dzikus.com.pl\/?product_cat=odziez\" rel=\"tag\">Odzie\u017c<\/a><\/div>\t\t\t\t\t\n\t\t\t\t\t\t\t\t<div class=\"cart-loading\">\n\t\t\t\t<a href=\"https:\/\/dzikus.com.pl\/?page_id=6\">\n\t\t\t\t\t<i class=\"awb-icon-spinner\" aria-hidden=\"true\"><\/i>\n\t\t\t\t\t<div class=\"view-cart\">Zobacz koszyk<\/div>\n\t\t\t\t<\/a>\n\t\t\t<\/div>\n\t\t\n\t\t\t\t\t\t\t\t\n\t\t\t\t\t\t\t\t\t\t\n\t<span class=\"price\"><span class=\"woocommerce-Price-amount amount\"><bdi>18,00&nbsp;<span class=\"woocommerce-Price-currencySymbol\">&#122;&#322;<\/span><\/bdi><\/span><\/span>\n\t\t\t\n\t\t\t\t\t\t\t\t\t\t<div class=\"fusion-product-buttons\">\n\t\t\t\t\t<a href=\"?add-to-cart=1262\"  data-quantity=\"1\" class=\"button product_type_simple add_to_cart_button ajax_add_to_cart\" data-product_id=\"1262\" data-product_sku=\"\" aria-label=\"Dodaj do koszyka: &bdquo;Dzikie kaczki znaczek my\u015bliwski&rdquo;\" rel=\"nofollow\" data-product_name=\"Dzikie kaczki znaczek my\u015bliwski\" data-price=\"18\">Dodaj do koszyka<\/a><span class=\"fusion-rollover-linebreak\">\n\t<\/span>\n\n<a href=\"https:\/\/dzikus.com.pl\/?product=dzikie-kaczki-znaczek-mysliwski\" class=\"show_details_button\">\n\tSzczeg\u00f3\u0142y<\/a>\n\n\t\t\t\t<\/div>\n\t\t\t\t\t\t\t\t\t<a class=\"fusion-link-wrapper\" href=\"https:\/\/dzikus.com.pl\/?product=dzikie-kaczki-znaczek-mysliwski\" aria-label=\"Dzikie kaczki znaczek my\u015bliwski\"><\/a>\n\t<\/div>\n<\/div>\n<\/div>\n<\/div><\/div><\/div><div class=\"swiper-slide\"><div class=\"fusion-classic-product-image-wrapper\"><div class=\"fusion-carousel-item-wrapper\"><div  class=\"fusion-image-wrapper fusion-image-size-fixed\" aria-haspopup=\"true\">\n\t\t\t\t<div class=\"fusion-woo-badges-wrapper\">\n<\/div><img decoding=\"async\" width=\"177\" height=\"142\" src=\"https:\/\/dzikus.com.pl\/wp-content\/uploads\/2024\/10\/ZOLADZ-ZAWIESZKA-4-177x142.webp\" class=\"attachment-portfolio-five size-portfolio-five wp-post-image\" alt=\"\" \/><div class=\"fusion-rollover\">\n\t<div class=\"fusion-rollover-content\">\n\n\t\t\t\t\n\t\t\n\t\t\t\t\t\t\t\t\t\t\t\t<h4 class=\"fusion-rollover-title\">\n\t\t\t\t\t<a class=\"fusion-rollover-title-link\" href=\"https:\/\/dzikus.com.pl\/?product=zoladz-zawieszka-metalowa\">\n\t\t\t\t\t\t\u017bo\u0142\u0105d\u017a zawieszka metalowa\t\t\t\t\t<\/a>\n\t\t\t\t<\/h4>\n\t\t\t\n\t\t\t\t\t\t\t\t\t\t<div class=\"fusion-rollover-categories\"><a href=\"https:\/\/dzikus.com.pl\/?product_cat=czapki-i-kapelusze\" rel=\"tag\">Czapki i Kapelusze<\/a>, <a href=\"https:\/\/dzikus.com.pl\/?product_cat=odziez\" rel=\"tag\">Odzie\u017c<\/a><\/div>\t\t\t\t\t\n\t\t\t\t\t\t\t\t<div class=\"cart-loading\">\n\t\t\t\t<a href=\"https:\/\/dzikus.com.pl\/?page_id=6\">\n\t\t\t\t\t<i class=\"awb-icon-spinner\" aria-hidden=\"true\"><\/i>\n\t\t\t\t\t<div class=\"view-cart\">Zobacz koszyk<\/div>\n\t\t\t\t<\/a>\n\t\t\t<\/div>\n\t\t\n\t\t\t\t\t\t\t\t\n\t\t\t\t\t\t\t\t\t\t\n\t<span class=\"price\"><span class=\"woocommerce-Price-amount amount\"><bdi>3,00&nbsp;<span class=\"woocommerce-Price-currencySymbol\">&#122;&#322;<\/span><\/bdi><\/span><\/span>\n\t\t\t\n\t\t\t\t\t\t\t\t\t\t<div class=\"fusion-product-buttons\">\n\t\t\t\t\t<a href=\"?add-to-cart=1257\"  data-quantity=\"1\" class=\"button product_type_simple add_to_cart_button ajax_add_to_cart\" data-product_id=\"1257\" data-product_sku=\"\" aria-label=\"Dodaj do koszyka: &bdquo;\u017bo\u0142\u0105d\u017a zawieszka metalowa&rdquo;\" rel=\"nofollow\" data-product_name=\"\u017bo\u0142\u0105d\u017a zawieszka metalowa\" data-price=\"3\">Dodaj do koszyka<\/a><span class=\"fusion-rollover-linebreak\">\n\t<\/span>\n\n<a href=\"https:\/\/dzikus.com.pl\/?product=zoladz-zawieszka-metalowa\" class=\"show_details_button\">\n\tSzczeg\u00f3\u0142y<\/a>\n\n\t\t\t\t<\/div>\n\t\t\t\t\t\t\t\t\t<a class=\"fusion-link-wrapper\" href=\"https:\/\/dzikus.com.pl\/?product=zoladz-zawieszka-metalowa\" aria-label=\"\u017bo\u0142\u0105d\u017a zawieszka metalowa\"><\/a>\n\t<\/div>\n<\/div>\n<\/div>\n<\/div><\/div><\/div><\/div><div class=\"awb-swiper-button awb-swiper-button-prev\"><i class=\"awb-icon-angle-left\" aria-hidden=\"true\"><\/i><\/div><div class=\"awb-swiper-button awb-swiper-button-next\"><i class=\"awb-icon-angle-right\" aria-hidden=\"true\"><\/i><\/div><\/div><\/div><div class=\"fusion-search-element fusion-search-element-1 fusion-search-form-clean\">\t\t<form role=\"search\" class=\"searchform fusion-search-form  fusion-search-form-clean\" method=\"get\" action=\"https:\/\/dzikus.com.pl\/\">\n\t\t\t<div class=\"fusion-search-form-content\">\n\n\t\t\t\t\n\t\t\t\t<div class=\"fusion-search-field search-field\">\n\t\t\t\t\t<label><span class=\"screen-reader-text\">Szukaj<\/span>\n\t\t\t\t\t\t\t\t\t\t\t\t\t<input type=\"search\" value=\"\" name=\"s\" class=\"s\" placeholder=\"Search...\" required aria-required=\"true\" aria-label=\"Search...\"\/>\n\t\t\t\t\t\t\t\t\t\t\t<\/label>\n\t\t\t\t<\/div>\n\t\t\t\t<div class=\"fusion-search-button search-button\">\n\t\t\t\t\t<input type=\"submit\" class=\"fusion-search-submit searchsubmit\" aria-label=\"Szukaj\" value=\"&#xf002;\" \/>\n\t\t\t\t\t\t\t\t\t<\/div>\n\n\t\t\t\t<input type=\"hidden\" name=\"post_type\" value=\"product\" \/><input type=\"hidden\" name=\"search_limit_to_post_titles\" value=\"0\" \/><input type=\"hidden\" name=\"fs\" value=\"1\" \/>\n\t\t\t<\/div>\n\n\n\t\t\t\n\t\t<\/form>\n\t\t<\/div><\/div><\/div><\/div><\/div>","protected":false},"excerpt":{"rendered":"","protected":false},"author":1,"featured_media":0,"parent":0,"menu_order":0,"comment_status":"closed","ping_status":"open","template":"","meta":{"_acf_changed":false,"footnotes":""},"class_list":["post-2","page","type-page","status-publish","hentry"],"acf":[],"jetpack_sharing_enabled":true,"_links":{"self":[{"href":"https:\/\/dzikus.com.pl\/index.php?rest_route=\/wp\/v2\/pages\/2","targetHints":{"allow":["GET"]}}],"collection":[{"href":"https:\/\/dzikus.com.pl\/index.php?rest_route=\/wp\/v2\/pages"}],"about":[{"href":"https:\/\/dzikus.com.pl\/index.php?rest_route=\/wp\/v2\/types\/page"}],"author":[{"embeddable":true,"href":"https:\/\/dzikus.com.pl\/index.php?rest_route=\/wp\/v2\/users\/1"}],"replies":[{"embeddable":true,"href":"https:\/\/dzikus.com.pl\/index.php?rest_route=%2Fwp%2Fv2%2Fcomments&post=2"}],"version-history":[{"count":35,"href":"https:\/\/dzikus.com.pl\/index.php?rest_route=\/wp\/v2\/pages\/2\/revisions"}],"predecessor-version":[{"id":409,"href":"https:\/\/dzikus.com.pl\/index.php?rest_route=\/wp\/v2\/pages\/2\/revisions\/409"}],"wp:attachment":[{"href":"https:\/\/dzikus.com.pl\/index.php?rest_route=%2Fwp%2Fv2%2Fmedia&parent=2"}],"curies":[{"name":"wp","href":"https:\/\/api.w.org\/{rel}","templated":true}]}}